{"id":2826,"date":"2019-07-26T10:55:17","date_gmt":"2019-07-26T08:55:17","guid":{"rendered":"https:\/\/www.saintemilion-unesco.com\/the-jurisdiction\/the-8-unlisted-municipalities\/saint-hippolyte\/"},"modified":"2019-07-26T10:55:18","modified_gmt":"2019-07-26T08:55:18","slug":"saint-hippolyte","status":"publish","type":"page","link":"https:\/\/www.saintemilion-unesco.com\/en\/the-jurisdiction\/the-8-unlisted-municipalities\/saint-hippolyte\/","title":{"rendered":"Saint-Hippolyte"},"content":{"rendered":"<p>[et_pb_section fb_built=&#8221;1&#8243; admin_label=&#8221;Hero&#8221; _builder_version=&#8221;3.17.2&#8243; background_image=&#8221;https:\/\/www.saintemilion-unesco.com\/wp-content\/uploads\/2019\/01\/saint-hippolyte-une.jpg&#8221; parallax=&#8221;on&#8221; custom_padding=&#8221;260px||260px||true|false&#8221;][et_pb_row make_fullwidth=&#8221;on&#8221; use_custom_gutter=&#8221;on&#8221; gutter_width=&#8221;1&#8243; custom_padding=&#8221;|||&#8221; custom_margin=&#8221;|||&#8221; background_position_1=&#8221;top_left&#8221; background_position_2=&#8221;top_left&#8221; background_repeat_1=&#8221;no-repeat&#8221; background_repeat_2=&#8221;no-repeat&#8221; padding_right_2=&#8221;10%&#8221; padding_left_2=&#8221;10%&#8221; _builder_version=&#8221;3.0.76&#8243;][et_pb_column type=&#8221;1_2&#8243; _builder_version=&#8221;3.0.47&#8243; parallax=&#8221;off&#8221; parallax_method=&#8221;on&#8221; background_position=&#8221;top_left&#8221; background_repeat=&#8221;no-repeat&#8221;][\/et_pb_column][et_pb_column type=&#8221;1_2&#8243; _builder_version=&#8221;3.0.47&#8243; padding_left=&#8221;10%&#8221; padding_right=&#8221;10%&#8221; parallax=&#8221;off&#8221; parallax_method=&#8221;on&#8221; background_position=&#8221;top_left&#8221; background_repeat=&#8221;no-repeat&#8221;][et_pb_post_title meta=&#8221;off&#8221; featured_image=&#8221;off&#8221; _builder_version=&#8221;3.17.2&#8243; title_font=&#8221;Oswald|700||on|||||&#8221; title_text_align=&#8221;left&#8221; title_text_color=&#8221;#ffffff&#8221; title_font_size=&#8221;60px&#8221; text_orientation=&#8221;center&#8221; text_shadow_style=&#8221;preset3&#8243;][\/et_pb_post_title][et_pb_divider color=&#8221;#ed4441&#8243; divider_position=&#8221;center&#8221; divider_weight=&#8221;3px&#8221; height=&#8221;false&#8221; disabled_on=&#8221;on|on|off%22&#8243; _builder_version=&#8221;3.2&#8243; max_width=&#8221;150px&#8221; custom_margin=&#8221;30px|||&#8221; animation_style=&#8221;slide&#8221; animation_direction=&#8221;top&#8221; animation_delay=&#8221;100ms&#8221; animation_intensity_slide=&#8221;10%&#8221; locked=&#8221;off&#8221;][\/et_pb_divider][\/et_pb_column][\/et_pb_row][\/et_pb_section][et_pb_section fb_built=&#8221;1&#8243; custom_padding_last_edited=&#8221;on|tablet&#8221; admin_label=&#8221;Our Guides&#8221; _builder_version=&#8221;3.0.76&#8243; custom_padding=&#8221;110px||0||false|false&#8221; custom_padding_tablet=&#8221;60px||60px|&#8221;][et_pb_row _builder_version=&#8221;3.17.2&#8243;][et_pb_column type=&#8221;4_4&#8243; _builder_version=&#8221;3.0.47&#8243; parallax=&#8221;off&#8221; parallax_method=&#8221;on&#8221;][et_pb_divider color=&#8221;#ed4441&#8243; divider_position=&#8221;center&#8221; divider_weight=&#8221;3px&#8221; height=&#8221;false&#8221; disabled_on=&#8221;on|on|off%22&#8243; _builder_version=&#8221;3.17.2&#8243; max_width=&#8221;150px&#8221; module_alignment=&#8221;center&#8221; custom_margin=&#8221;|||&#8221; animation_style=&#8221;slide&#8221; animation_direction=&#8221;top&#8221; animation_delay=&#8221;100ms&#8221; animation_intensity_slide=&#8221;10%&#8221; locked=&#8221;off&#8221;][\/et_pb_divider][et_pb_text _builder_version=&#8221;3.17.2&#8243; text_font=&#8221;Roboto||on||||||&#8221; text_font_size=&#8221;25px&#8221; text_line_height=&#8221;1.6em&#8221; background_size=&#8221;initial&#8221; background_position=&#8221;top_left&#8221; background_repeat=&#8221;repeat&#8221; text_orientation=&#8221;center&#8221; module_alignment=&#8221;center&#8221; custom_margin=&#8221;0px|||&#8221; custom_padding=&#8221;||0px|&#8221; animation_style=&#8221;slide&#8221; animation_direction=&#8221;top&#8221; animation_delay=&#8221;400ms&#8221; animation_intensity_slide=&#8221;4%&#8221; locked=&#8221;off&#8221;]Population: 138<br \/>\nSurface area: 444 ha<br \/>\nMust see: The Caves of the Ch\u00e2teau of Ferrand<br \/>\n[\/et_pb_text][et_pb_divider color=&#8221;#ed4441&#8243; divider_position=&#8221;center&#8221; divider_weight=&#8221;3px&#8221; height=&#8221;false&#8221; disabled_on=&#8221;on|on|off%22&#8243; _builder_version=&#8221;3.17.2&#8243; max_width=&#8221;150px&#8221; module_alignment=&#8221;center&#8221; custom_margin=&#8221;|||&#8221; animation_style=&#8221;slide&#8221; animation_direction=&#8221;top&#8221; animation_delay=&#8221;100ms&#8221; animation_intensity_slide=&#8221;10%&#8221; locked=&#8221;off&#8221;][\/et_pb_divider][\/et_pb_column][\/et_pb_row][et_pb_row custom_padding=&#8221;27px|0px|60px|0px|false|false&#8221; _builder_version=&#8221;3.17.2&#8243;][et_pb_column type=&#8221;4_4&#8243; _builder_version=&#8221;3.0.47&#8243; parallax=&#8221;off&#8221; parallax_method=&#8221;on&#8221;][et_pb_text _builder_version=&#8221;3.17.2&#8243; text_font=&#8221;Roboto||||||||&#8221; text_font_size=&#8221;16px&#8221; text_line_height=&#8221;1.9em&#8221;]Located in the centre of the Jurisdiction, the commune of Saint-Hippolyte is characterized by a remarkable architectural harmony. At its very heart are the caves of the Ch\u00e2teau of Ferrand: a historical jewel designed by \u00c9lie de B\u00e9toulaud, a lawyer and poet of the 17th century who dug three spaces there: a &#8220;love chamber&#8221;, a cross-shaped room and a lyre-shaped room, made of niches and benches in homage to Miss de Scud\u00e9ry and Louis XIV of France. He also installed orange trees and oriental jasmines and organized lavish and extravagant celebrations.<br \/>\n[\/et_pb_text][\/et_pb_column][\/et_pb_row][et_pb_row custom_padding=&#8221;27px|0px|100px|0px|false|false&#8221; _builder_version=&#8221;3.17.2&#8243;][et_pb_column type=&#8221;4_4&#8243; _builder_version=&#8221;3.0.47&#8243; parallax=&#8221;off&#8221; parallax_method=&#8221;on&#8221;][et_pb_video src=&#8221;https:\/\/youtu.be\/MhKmbGhxFvQ&#8221; _builder_version=&#8221;3.17.2&#8243;][\/et_pb_video][\/et_pb_column][\/et_pb_row][et_pb_row custom_padding=&#8221;0|0px|83px|0px|false|false&#8221; _builder_version=&#8221;3.17.2&#8243;][et_pb_column type=&#8221;4_4&#8243; _builder_version=&#8221;3.17.2&#8243; parallax=&#8221;off&#8221; parallax_method=&#8221;on&#8221;][et_pb_button button_url=&#8221;https:\/\/www.saintemilion-unesco.com\/en\/the-jurisdiction\/the-8-unlisted-municipalities\/&#8221; button_text=&#8221;See other municipalities &#8221; button_alignment=&#8221;center&#8221; _builder_version=&#8221;3.17.2&#8243; custom_button=&#8221;on&#8221; button_text_color=&#8221;#333333&#8243; button_border_color=&#8221;#000000&#8243; button_border_radius=&#8221;0px&#8221; button_letter_spacing=&#8221;4px&#8221; button_font=&#8221;Oswald|on||on|&#8221; button_icon=&#8221;%%2%%&#8221; button_icon_color=&#8221;#000000&#8243; button_icon_placement=&#8221;left&#8221; custom_margin=&#8221;20px||&#8221; animation_style=&#8221;zoom&#8221; animation_delay=&#8221;400ms&#8221; animation_intensity_zoom=&#8221;20%&#8221; button_border_color_hover=&#8221;#ffffff&#8221; button_border_radius_hover=&#8221;0px&#8221; button_letter_spacing_hover=&#8221;4px&#8221; button_bg_color_hover=&#8221;rgba(0,0,0,0)&#8221; button_text_size__hover_enabled=&#8221;off&#8221; button_text_size__hover=&#8221;null&#8221; button_one_text_size__hover_enabled=&#8221;off&#8221; button_one_text_size__hover=&#8221;null&#8221; button_two_text_size__hover_enabled=&#8221;off&#8221; button_two_text_size__hover=&#8221;null&#8221; button_text_color__hover_enabled=&#8221;off&#8221; button_text_color__hover=&#8221;null&#8221; button_one_text_color__hover_enabled=&#8221;off&#8221; button_one_text_color__hover=&#8221;null&#8221; button_two_text_color__hover_enabled=&#8221;off&#8221; button_two_text_color__hover=&#8221;null&#8221; button_border_width__hover_enabled=&#8221;off&#8221; button_border_width__hover=&#8221;null&#8221; button_one_border_width__hover_enabled=&#8221;off&#8221; button_one_border_width__hover=&#8221;null&#8221; button_two_border_width__hover_enabled=&#8221;off&#8221; button_two_border_width__hover=&#8221;null&#8221; button_border_color__hover_enabled=&#8221;on&#8221; button_border_color__hover=&#8221;#ffffff&#8221; button_one_border_color__hover_enabled=&#8221;off&#8221; button_one_border_color__hover=&#8221;null&#8221; button_two_border_color__hover_enabled=&#8221;off&#8221; button_two_border_color__hover=&#8221;null&#8221; button_border_radius__hover_enabled=&#8221;on&#8221; button_border_radius__hover=&#8221;0px&#8221; button_one_border_radius__hover_enabled=&#8221;off&#8221; button_one_border_radius__hover=&#8221;null&#8221; button_two_border_radius__hover_enabled=&#8221;off&#8221; button_two_border_radius__hover=&#8221;null&#8221; button_letter_spacing__hover_enabled=&#8221;on&#8221; button_letter_spacing__hover=&#8221;4px&#8221; button_one_letter_spacing__hover_enabled=&#8221;off&#8221; button_one_letter_spacing__hover=&#8221;null&#8221; button_two_letter_spacing__hover_enabled=&#8221;off&#8221; button_two_letter_spacing__hover=&#8221;null&#8221; button_bg_color__hover_enabled=&#8221;on&#8221; button_bg_color__hover=&#8221;rgba(0,0,0,0)&#8221; button_one_bg_color__hover_enabled=&#8221;off&#8221; button_one_bg_color__hover=&#8221;null&#8221; button_two_bg_color__hover_enabled=&#8221;off&#8221; button_two_bg_color__hover=&#8221;null&#8221;][\/et_pb_button][\/et_pb_column][\/et_pb_row][\/et_pb_section]<\/p>\n","protected":false},"excerpt":{"rendered":"<p>Population: 138 Surface area: 444 ha Must see: The Caves of the Ch\u00e2teau of Ferrand Located in the centre of the Jurisdiction, the commune of Saint-Hippolyte is characterized by a remarkable architectural harmony. At its very heart are the caves of the Ch\u00e2teau of Ferrand: a historical jewel designed by \u00c9lie de B\u00e9toulaud, a lawyer [&hellip;]<\/p>\n","protected":false},"author":1,"featured_media":0,"parent":2816,"menu_order":0,"comment_status":"closed","ping_status":"closed","template":"","meta":{"_et_pb_use_builder":"on","_et_pb_old_content":"","_et_gb_content_width":""},"yoast_head":"<!-- This site is optimized with the Yoast SEO plugin v19.13 - https:\/\/yoast.com\/wordpress\/plugins\/seo\/ -->\n<title>Saint-Hippolyte - Association Juridiction de Saint-Emilion<\/title>\n<meta name=\"robots\" content=\"index, follow, max-snippet:-1, max-image-preview:large, max-video-preview:-1\" \/>\n<link rel=\"canonical\" href=\"https:\/\/www.saintemilion-unesco.com\/en\/the-jurisdiction\/the-8-unlisted-municipalities\/saint-hippolyte\/\" \/>\n<meta property=\"og:locale\" content=\"en_US\" \/>\n<meta property=\"og:type\" content=\"article\" \/>\n<meta property=\"og:title\" content=\"Saint-Hippolyte - Association Juridiction de Saint-Emilion\" \/>\n<meta property=\"og:description\" content=\"Population: 138 Surface area: 444 ha Must see: The Caves of the Ch\u00e2teau of Ferrand Located in the centre of the Jurisdiction, the commune of Saint-Hippolyte is characterized by a remarkable architectural harmony. At its very heart are the caves of the Ch\u00e2teau of Ferrand: a historical jewel designed by \u00c9lie de B\u00e9toulaud, a lawyer [&hellip;]\" \/>\n<meta property=\"og:url\" content=\"https:\/\/www.saintemilion-unesco.com\/en\/the-jurisdiction\/the-8-unlisted-municipalities\/saint-hippolyte\/\" \/>\n<meta property=\"og:site_name\" content=\"Association Juridiction de Saint-Emilion\" \/>\n<meta property=\"article:modified_time\" content=\"2019-07-26T08:55:18+00:00\" \/>\n<meta property=\"og:image\" content=\"https:\/\/www.saintemilion-unesco.com\/wp-content\/uploads\/2018\/11\/carte-juridiction-saint-emilion-unesco3-3.jpg\" \/>\n\t<meta property=\"og:image:width\" content=\"1920\" \/>\n\t<meta property=\"og:image:height\" content=\"764\" \/>\n\t<meta property=\"og:image:type\" content=\"image\/jpeg\" \/>\n<meta name=\"twitter:card\" content=\"summary_large_image\" \/>\n<meta name=\"twitter:label1\" content=\"Est. reading time\" \/>\n\t<meta name=\"twitter:data1\" content=\"5 minutes\" \/>\n<script type=\"application\/ld+json\" class=\"yoast-schema-graph\">{\"@context\":\"https:\/\/schema.org\",\"@graph\":[{\"@type\":\"WebPage\",\"@id\":\"https:\/\/www.saintemilion-unesco.com\/en\/the-jurisdiction\/the-8-unlisted-municipalities\/saint-hippolyte\/\",\"url\":\"https:\/\/www.saintemilion-unesco.com\/en\/the-jurisdiction\/the-8-unlisted-municipalities\/saint-hippolyte\/\",\"name\":\"Saint-Hippolyte - Association Juridiction de Saint-Emilion\",\"isPartOf\":{\"@id\":\"https:\/\/www.saintemilion-unesco.com\/en\/#website\"},\"datePublished\":\"2019-07-26T08:55:17+00:00\",\"dateModified\":\"2019-07-26T08:55:18+00:00\",\"breadcrumb\":{\"@id\":\"https:\/\/www.saintemilion-unesco.com\/en\/the-jurisdiction\/the-8-unlisted-municipalities\/saint-hippolyte\/#breadcrumb\"},\"inLanguage\":\"en-US\",\"potentialAction\":[{\"@type\":\"ReadAction\",\"target\":[\"https:\/\/www.saintemilion-unesco.com\/en\/the-jurisdiction\/the-8-unlisted-municipalities\/saint-hippolyte\/\"]}]},{\"@type\":\"BreadcrumbList\",\"@id\":\"https:\/\/www.saintemilion-unesco.com\/en\/the-jurisdiction\/the-8-unlisted-municipalities\/saint-hippolyte\/#breadcrumb\",\"itemListElement\":[{\"@type\":\"ListItem\",\"position\":1,\"name\":\"Accueil\",\"item\":\"https:\/\/www.saintemilion-unesco.com\/en\/\"},{\"@type\":\"ListItem\",\"position\":2,\"name\":\"The Jurisdiction\",\"item\":\"https:\/\/www.saintemilion-unesco.com\/en\/the-jurisdiction\/\"},{\"@type\":\"ListItem\",\"position\":3,\"name\":\"The 8 unlisted municipalities\",\"item\":\"https:\/\/www.saintemilion-unesco.com\/en\/the-jurisdiction\/the-8-unlisted-municipalities\/\"},{\"@type\":\"ListItem\",\"position\":4,\"name\":\"Saint-Hippolyte\"}]},{\"@type\":\"WebSite\",\"@id\":\"https:\/\/www.saintemilion-unesco.com\/en\/#website\",\"url\":\"https:\/\/www.saintemilion-unesco.com\/en\/\",\"name\":\"Association Juridiction de Saint-Emilion\",\"description\":\"Patrimoine Mondial de l&#039;Humanit\u00e9\",\"potentialAction\":[{\"@type\":\"SearchAction\",\"target\":{\"@type\":\"EntryPoint\",\"urlTemplate\":\"https:\/\/www.saintemilion-unesco.com\/en\/?s={search_term_string}\"},\"query-input\":\"required name=search_term_string\"}],\"inLanguage\":\"en-US\"}]}<\/script>\n<!-- \/ Yoast SEO plugin. -->","yoast_head_json":{"title":"Saint-Hippolyte - Association Juridiction de Saint-Emilion","robots":{"index":"index","follow":"follow","max-snippet":"max-snippet:-1","max-image-preview":"max-image-preview:large","max-video-preview":"max-video-preview:-1"},"canonical":"https:\/\/www.saintemilion-unesco.com\/en\/the-jurisdiction\/the-8-unlisted-municipalities\/saint-hippolyte\/","og_locale":"en_US","og_type":"article","og_title":"Saint-Hippolyte - Association Juridiction de Saint-Emilion","og_description":"Population: 138 Surface area: 444 ha Must see: The Caves of the Ch\u00e2teau of Ferrand Located in the centre of the Jurisdiction, the commune of Saint-Hippolyte is characterized by a remarkable architectural harmony. At its very heart are the caves of the Ch\u00e2teau of Ferrand: a historical jewel designed by \u00c9lie de B\u00e9toulaud, a lawyer [&hellip;]","og_url":"https:\/\/www.saintemilion-unesco.com\/en\/the-jurisdiction\/the-8-unlisted-municipalities\/saint-hippolyte\/","og_site_name":"Association Juridiction de Saint-Emilion","article_modified_time":"2019-07-26T08:55:18+00:00","og_image":[{"width":1920,"height":764,"url":"https:\/\/www.saintemilion-unesco.com\/wp-content\/uploads\/2018\/11\/carte-juridiction-saint-emilion-unesco3-3.jpg","type":"image\/jpeg"}],"twitter_card":"summary_large_image","twitter_misc":{"Est. reading time":"5 minutes"},"schema":{"@context":"https:\/\/schema.org","@graph":[{"@type":"WebPage","@id":"https:\/\/www.saintemilion-unesco.com\/en\/the-jurisdiction\/the-8-unlisted-municipalities\/saint-hippolyte\/","url":"https:\/\/www.saintemilion-unesco.com\/en\/the-jurisdiction\/the-8-unlisted-municipalities\/saint-hippolyte\/","name":"Saint-Hippolyte - Association Juridiction de Saint-Emilion","isPartOf":{"@id":"https:\/\/www.saintemilion-unesco.com\/en\/#website"},"datePublished":"2019-07-26T08:55:17+00:00","dateModified":"2019-07-26T08:55:18+00:00","breadcrumb":{"@id":"https:\/\/www.saintemilion-unesco.com\/en\/the-jurisdiction\/the-8-unlisted-municipalities\/saint-hippolyte\/#breadcrumb"},"inLanguage":"en-US","potentialAction":[{"@type":"ReadAction","target":["https:\/\/www.saintemilion-unesco.com\/en\/the-jurisdiction\/the-8-unlisted-municipalities\/saint-hippolyte\/"]}]},{"@type":"BreadcrumbList","@id":"https:\/\/www.saintemilion-unesco.com\/en\/the-jurisdiction\/the-8-unlisted-municipalities\/saint-hippolyte\/#breadcrumb","itemListElement":[{"@type":"ListItem","position":1,"name":"Accueil","item":"https:\/\/www.saintemilion-unesco.com\/en\/"},{"@type":"ListItem","position":2,"name":"The Jurisdiction","item":"https:\/\/www.saintemilion-unesco.com\/en\/the-jurisdiction\/"},{"@type":"ListItem","position":3,"name":"The 8 unlisted municipalities","item":"https:\/\/www.saintemilion-unesco.com\/en\/the-jurisdiction\/the-8-unlisted-municipalities\/"},{"@type":"ListItem","position":4,"name":"Saint-Hippolyte"}]},{"@type":"WebSite","@id":"https:\/\/www.saintemilion-unesco.com\/en\/#website","url":"https:\/\/www.saintemilion-unesco.com\/en\/","name":"Association Juridiction de Saint-Emilion","description":"Patrimoine Mondial de l&#039;Humanit\u00e9","potentialAction":[{"@type":"SearchAction","target":{"@type":"EntryPoint","urlTemplate":"https:\/\/www.saintemilion-unesco.com\/en\/?s={search_term_string}"},"query-input":"required name=search_term_string"}],"inLanguage":"en-US"}]}},"_links":{"self":[{"href":"https:\/\/www.saintemilion-unesco.com\/en\/wp-json\/wp\/v2\/pages\/2826"}],"collection":[{"href":"https:\/\/www.saintemilion-unesco.com\/en\/wp-json\/wp\/v2\/pages"}],"about":[{"href":"https:\/\/www.saintemilion-unesco.com\/en\/wp-json\/wp\/v2\/types\/page"}],"author":[{"embeddable":true,"href":"https:\/\/www.saintemilion-unesco.com\/en\/wp-json\/wp\/v2\/users\/1"}],"replies":[{"embeddable":true,"href":"https:\/\/www.saintemilion-unesco.com\/en\/wp-json\/wp\/v2\/comments?post=2826"}],"version-history":[{"count":1,"href":"https:\/\/www.saintemilion-unesco.com\/en\/wp-json\/wp\/v2\/pages\/2826\/revisions"}],"predecessor-version":[{"id":2827,"href":"https:\/\/www.saintemilion-unesco.com\/en\/wp-json\/wp\/v2\/pages\/2826\/revisions\/2827"}],"up":[{"embeddable":true,"href":"https:\/\/www.saintemilion-unesco.com\/en\/wp-json\/wp\/v2\/pages\/2816"}],"wp:attachment":[{"href":"https:\/\/www.saintemilion-unesco.com\/en\/wp-json\/wp\/v2\/media?parent=2826"}],"curies":[{"name":"wp","href":"https:\/\/api.w.org\/{rel}","templated":true}]}}