{"id":2858,"date":"2019-07-26T12:11:03","date_gmt":"2019-07-26T10:11:03","guid":{"rendered":"https:\/\/www.saintemilion-unesco.com\/useful-links\/"},"modified":"2019-07-26T12:12:20","modified_gmt":"2019-07-26T10:12:20","slug":"useful-links","status":"publish","type":"page","link":"https:\/\/www.saintemilion-unesco.com\/en\/useful-links\/","title":{"rendered":"Useful links"},"content":{"rendered":"<p>[et_pb_section fb_built=&#8221;1&#8243; admin_label=&#8221;Hero&#8221; _builder_version=&#8221;3.17.2&#8243; use_background_color_gradient=&#8221;on&#8221; background_color_gradient_start=&#8221;rgba(0,0,0,0.5)&#8221; background_color_gradient_end=&#8221;rgba(0,0,0,0)&#8221; background_color_gradient_direction=&#8221;245deg&#8221; background_color_gradient_overlays_image=&#8221;on&#8221; background_image=&#8221;https:\/\/www.saintemilion-unesco.com\/wp-content\/uploads\/2019\/01\/StEmilion-AuLoin.jpg&#8221; custom_padding=&#8221;260px||260px||true|false&#8221;][et_pb_row make_fullwidth=&#8221;on&#8221; use_custom_gutter=&#8221;on&#8221; gutter_width=&#8221;1&#8243; custom_padding=&#8221;|||&#8221; custom_margin=&#8221;|||&#8221; background_position_1=&#8221;top_left&#8221; background_position_2=&#8221;top_left&#8221; background_repeat_1=&#8221;no-repeat&#8221; background_repeat_2=&#8221;no-repeat&#8221; padding_right_2=&#8221;10%&#8221; padding_left_2=&#8221;10%&#8221; _builder_version=&#8221;3.0.76&#8243;][et_pb_column type=&#8221;1_2&#8243; _builder_version=&#8221;3.0.47&#8243; parallax=&#8221;off&#8221; parallax_method=&#8221;on&#8221; background_position=&#8221;top_left&#8221; background_repeat=&#8221;no-repeat&#8221;][\/et_pb_column][et_pb_column type=&#8221;1_2&#8243; _builder_version=&#8221;3.0.47&#8243; padding_left=&#8221;10%&#8221; padding_right=&#8221;10%&#8221; parallax=&#8221;off&#8221; parallax_method=&#8221;on&#8221; background_position=&#8221;top_left&#8221; background_repeat=&#8221;no-repeat&#8221;][et_pb_post_title meta=&#8221;off&#8221; featured_image=&#8221;off&#8221; _builder_version=&#8221;3.17.2&#8243; title_font=&#8221;Oswald|700||on|||||&#8221; title_text_align=&#8221;left&#8221; title_text_color=&#8221;#ffffff&#8221; title_font_size=&#8221;60px&#8221; text_orientation=&#8221;center&#8221;][\/et_pb_post_title][et_pb_divider color=&#8221;#ed4441&#8243; divider_position=&#8221;center&#8221; divider_weight=&#8221;3px&#8221; height=&#8221;false&#8221; disabled_on=&#8221;on|on|off%22&#8243; _builder_version=&#8221;3.2&#8243; max_width=&#8221;150px&#8221; custom_margin=&#8221;30px|||&#8221; animation_style=&#8221;slide&#8221; animation_direction=&#8221;top&#8221; animation_delay=&#8221;100ms&#8221; animation_intensity_slide=&#8221;10%&#8221; locked=&#8221;off&#8221;][\/et_pb_divider][\/et_pb_column][\/et_pb_row][\/et_pb_section][et_pb_section fb_built=&#8221;1&#8243; admin_label=&#8221;Contact Info&#8221; _builder_version=&#8221;3.0.69&#8243; custom_padding=&#8221;110px||110px|&#8221; locked=&#8221;off&#8221;][et_pb_row custom_padding=&#8221;0|0px|0|0px|false|false&#8221; make_equal=&#8221;on&#8221; _builder_version=&#8221;3.17.2&#8243;][et_pb_column type=&#8221;4_4&#8243; _builder_version=&#8221;3.17.2&#8243; parallax=&#8221;off&#8221; parallax_method=&#8221;on&#8221;][et_pb_text _builder_version=&#8221;3.17.2&#8243; text_font=&#8221;Roboto||||||||&#8221; text_font_size=&#8221;16px&#8221; header_font=&#8221;||||||||&#8221; header_2_font=&#8221;||||||||&#8221; header_2_line_height=&#8221;2em&#8221; text_orientation=&#8221;center&#8221;]<\/p>\n<h2>Saint-Sulpice-de-Faleyrens City Hall<\/h2>\n<p>Adress: 9, avenue du G\u00e9n\u00e9ral de Gaulle, 33 330 SAINT-SULPICE-DE-FALEYRENS<br \/>Phone : + 33 (0)5 57 24 75 26<\/p>\n<p>[\/et_pb_text][et_pb_divider color=&#8221;#ed4441&#8243; divider_position=&#8221;center&#8221; divider_weight=&#8221;3px&#8221; height=&#8221;false&#8221; disabled_on=&#8221;off|off|off%22&#8243; _builder_version=&#8221;3.17.2&#8243; max_width=&#8221;150px&#8221; module_alignment=&#8221;center&#8221; custom_margin=&#8221;30px|||&#8221; animation_style=&#8221;slide&#8221; animation_direction=&#8221;top&#8221; animation_delay=&#8221;100ms&#8221; animation_intensity_slide=&#8221;10%&#8221; locked=&#8221;off&#8221;][\/et_pb_divider][et_pb_text _builder_version=&#8221;3.17.2&#8243; text_font=&#8221;Roboto||||||||&#8221; text_font_size=&#8221;16px&#8221; header_font=&#8221;||||||||&#8221; header_2_font=&#8221;||||||||&#8221; header_2_line_height=&#8221;2em&#8221; text_orientation=&#8221;center&#8221;]<br \/>\n<strong>Vignonet City Hall<\/strong><\/p>\n<p>Adress: 4, Darthus, 33 330 VIGNONET<br \/>\nPhone: 05 57 84 53 12<\/p>\n<p><strong>Saint-Pey-d\u2019Armens City Hall<br \/>\n<\/strong><\/p>\n<p>Adress: Le Bourg, 33 330 SAINT-PEY-D\u2019ARMENS<br \/>\nPhone: + 33 (0)5 5 57 47 15 24<\/p>\n<p><strong>\u00a0<\/strong><\/p>\n<p><strong>Saint-Etienne-de-Lisse City Hall<\/strong><\/p>\n<p>Adress: Margagne, 33 330 SAINT-ETIENNE-DE-LISSE<br \/>\nPhone: + 33 (0)5 5 57 40 18 45<\/p>\n<p><strong>\u00a0<\/strong><\/p>\n<p><strong>Saint-Hippolyte City Hall<\/strong><\/p>\n<p>Adresse: 7, grand sable, 33 330 SAINT-HIPPOLYTE<br \/>\nPhone: + 33 (0)5\u00a0 5 57 24 72 67<\/p>\n<p><strong>\u00a0<\/strong><\/p>\n<p><strong>Saint-Christophe-des-Bardes City Hall<\/strong><\/p>\n<p>Adress: 4, le Bourg, 33 330 SAINT-CHRISTOPHE-DES-BARDES<br \/>\nPhone: + 33 (0)5\u00a0 5 57 24 77 11<\/p>\n<p><strong>\u00a0<\/strong><\/p>\n<p><strong>Saint-Emilion City Hall<\/strong><\/p>\n<p>Adress: 6, place Pioceau, BP 101, 33 330 SAINT-EMILION<br \/>\nPhone: + 33 (0)5 5 57 24 72 09<\/p>\n<p><strong>\u00a0<\/strong><\/p>\n<p><strong>Saint-Laurent-des-Combes City Hall<\/strong><\/p>\n<p>Adress: 22, Peyrelongue, 33 330 SAINT-LAURENT-DES-COMBES<br \/>\nPhone: + 33 (0)5 5 57 24 71 95<\/p>\n<p><strong>\u00a0<\/strong><\/p>\n<p><strong>Local Council Community of Saint-Emilion<\/strong><\/p>\n<p>Adress: 2 rue Darthus, 33 330 VIGNONET<br \/>\nPhone: 05 57 55 21 60<br \/>\nWebsite: www.grand-saint-emilionnais.fr<br \/>\nContact: <a href=\"http:\/\/www.grand-saint-emilionnais.fr\/systeme\/nous-contacter\/\">http:\/\/www.grand-saint-emilionnais.fr\/systeme\/nous-contacter\/<\/a><\/p>\n<p><strong>\u00a0<\/strong><\/p>\n<p><strong>Saint-Emilion Wine Council <\/strong><\/p>\n<p>Adress: 14 rue Guadet, 33 330 SAINT-EMILION<br \/>\nPhone: + 33 (0)5 57 55 50 50<br \/>\nWebsite : https:\/\/www.vins-saint-emilion.com\/<br \/>\nContact : <a href=\"https:\/\/www.vins-saint-emilion.com\/contact\">https:\/\/www.vins-saint-emilion.com\/contact<\/a><\/p>\n<p><strong>\u00a0<\/strong><\/p>\n<p><strong>The Tourism Office of the Grand Saint-Emilionnais<\/strong><\/p>\n<p>Adress: Place des Cr\u00e9neaux Le Doyenn\u00e9, 33330 Saint-\u00c9milion<br \/>\nPhone: +33 (0)5 57 55 28 28<br \/>\nWebsite: <a href=\"http:\/\/www.saint-emilion-tourisme.com\/\">http:\/\/www.saint-emilion-tourisme.com\/<\/a><\/p>\n<p><strong>\u00a0<\/strong><\/p>\n<p><strong>Photo Credits<\/strong><\/p>\n<p><a href=\"http:\/\/www.fhgraphisme.fr\">Franck Haudiquert<\/a> and Jean-Bernard Nadeau<\/p>\n<p>&nbsp;<\/p>\n<p><strong>\u00a0<\/strong><\/p>\n<p>[\/et_pb_text][\/et_pb_column][\/et_pb_row][\/et_pb_section]<\/p>\n","protected":false},"excerpt":{"rendered":"<p>Saint-Sulpice-de-Faleyrens City HallAdress: 9, avenue du G\u00e9n\u00e9ral de Gaulle, 33 330 SAINT-SULPICE-DE-FALEYRENSPhone : + 33 (0)5 57 24 75 26 Vignonet City Hall Adress: 4, Darthus, 33 330 VIGNONET Phone: 05 57 84 53 12 Saint-Pey-d\u2019Armens City Hall Adress: Le Bourg, 33 330 SAINT-PEY-D\u2019ARMENS Phone: + 33 (0)5 5 57 47 15 24 \u00a0 Saint-Etienne-de-Lisse [&hellip;]<\/p>\n","protected":false},"author":1,"featured_media":0,"parent":0,"menu_order":0,"comment_status":"closed","ping_status":"closed","template":"","meta":{"_et_pb_use_builder":"on","_et_pb_old_content":"","_et_gb_content_width":""},"yoast_head":"<!-- This site is optimized with the Yoast SEO plugin v19.13 - https:\/\/yoast.com\/wordpress\/plugins\/seo\/ -->\n<title>Useful links - Association Juridiction de Saint-Emilion<\/title>\n<meta name=\"robots\" content=\"index, follow, max-snippet:-1, max-image-preview:large, max-video-preview:-1\" \/>\n<link rel=\"canonical\" href=\"https:\/\/www.saintemilion-unesco.com\/en\/useful-links\/\" \/>\n<meta property=\"og:locale\" content=\"en_US\" \/>\n<meta property=\"og:type\" content=\"article\" \/>\n<meta property=\"og:title\" content=\"Useful links - Association Juridiction de Saint-Emilion\" \/>\n<meta property=\"og:description\" content=\"Saint-Sulpice-de-Faleyrens City HallAdress: 9, avenue du G\u00e9n\u00e9ral de Gaulle, 33 330 SAINT-SULPICE-DE-FALEYRENSPhone : + 33 (0)5 57 24 75 26 Vignonet City Hall Adress: 4, Darthus, 33 330 VIGNONET Phone: 05 57 84 53 12 Saint-Pey-d\u2019Armens City Hall Adress: Le Bourg, 33 330 SAINT-PEY-D\u2019ARMENS Phone: + 33 (0)5 5 57 47 15 24 \u00a0 Saint-Etienne-de-Lisse [&hellip;]\" \/>\n<meta property=\"og:url\" content=\"https:\/\/www.saintemilion-unesco.com\/en\/useful-links\/\" \/>\n<meta property=\"og:site_name\" content=\"Association Juridiction de Saint-Emilion\" \/>\n<meta property=\"article:modified_time\" content=\"2019-07-26T10:12:20+00:00\" \/>\n<meta property=\"og:image\" content=\"https:\/\/www.saintemilion-unesco.com\/wp-content\/uploads\/2018\/11\/carte-juridiction-saint-emilion-unesco3-3.jpg\" \/>\n\t<meta property=\"og:image:width\" content=\"1920\" \/>\n\t<meta property=\"og:image:height\" content=\"764\" \/>\n\t<meta property=\"og:image:type\" content=\"image\/jpeg\" \/>\n<meta name=\"twitter:card\" content=\"summary_large_image\" \/>\n<meta name=\"twitter:label1\" content=\"Est. reading time\" \/>\n\t<meta name=\"twitter:data1\" content=\"3 minutes\" \/>\n<script type=\"application\/ld+json\" class=\"yoast-schema-graph\">{\"@context\":\"https:\/\/schema.org\",\"@graph\":[{\"@type\":\"WebPage\",\"@id\":\"https:\/\/www.saintemilion-unesco.com\/en\/useful-links\/\",\"url\":\"https:\/\/www.saintemilion-unesco.com\/en\/useful-links\/\",\"name\":\"Useful links - Association Juridiction de Saint-Emilion\",\"isPartOf\":{\"@id\":\"https:\/\/www.saintemilion-unesco.com\/en\/#website\"},\"datePublished\":\"2019-07-26T10:11:03+00:00\",\"dateModified\":\"2019-07-26T10:12:20+00:00\",\"breadcrumb\":{\"@id\":\"https:\/\/www.saintemilion-unesco.com\/en\/useful-links\/#breadcrumb\"},\"inLanguage\":\"en-US\",\"potentialAction\":[{\"@type\":\"ReadAction\",\"target\":[\"https:\/\/www.saintemilion-unesco.com\/en\/useful-links\/\"]}]},{\"@type\":\"BreadcrumbList\",\"@id\":\"https:\/\/www.saintemilion-unesco.com\/en\/useful-links\/#breadcrumb\",\"itemListElement\":[{\"@type\":\"ListItem\",\"position\":1,\"name\":\"Accueil\",\"item\":\"https:\/\/www.saintemilion-unesco.com\/en\/\"},{\"@type\":\"ListItem\",\"position\":2,\"name\":\"Useful links\"}]},{\"@type\":\"WebSite\",\"@id\":\"https:\/\/www.saintemilion-unesco.com\/en\/#website\",\"url\":\"https:\/\/www.saintemilion-unesco.com\/en\/\",\"name\":\"Association Juridiction de Saint-Emilion\",\"description\":\"Patrimoine Mondial de l&#039;Humanit\u00e9\",\"potentialAction\":[{\"@type\":\"SearchAction\",\"target\":{\"@type\":\"EntryPoint\",\"urlTemplate\":\"https:\/\/www.saintemilion-unesco.com\/en\/?s={search_term_string}\"},\"query-input\":\"required name=search_term_string\"}],\"inLanguage\":\"en-US\"}]}<\/script>\n<!-- \/ Yoast SEO plugin. -->","yoast_head_json":{"title":"Useful links - Association Juridiction de Saint-Emilion","robots":{"index":"index","follow":"follow","max-snippet":"max-snippet:-1","max-image-preview":"max-image-preview:large","max-video-preview":"max-video-preview:-1"},"canonical":"https:\/\/www.saintemilion-unesco.com\/en\/useful-links\/","og_locale":"en_US","og_type":"article","og_title":"Useful links - Association Juridiction de Saint-Emilion","og_description":"Saint-Sulpice-de-Faleyrens City HallAdress: 9, avenue du G\u00e9n\u00e9ral de Gaulle, 33 330 SAINT-SULPICE-DE-FALEYRENSPhone : + 33 (0)5 57 24 75 26 Vignonet City Hall Adress: 4, Darthus, 33 330 VIGNONET Phone: 05 57 84 53 12 Saint-Pey-d\u2019Armens City Hall Adress: Le Bourg, 33 330 SAINT-PEY-D\u2019ARMENS Phone: + 33 (0)5 5 57 47 15 24 \u00a0 Saint-Etienne-de-Lisse [&hellip;]","og_url":"https:\/\/www.saintemilion-unesco.com\/en\/useful-links\/","og_site_name":"Association Juridiction de Saint-Emilion","article_modified_time":"2019-07-26T10:12:20+00:00","og_image":[{"width":1920,"height":764,"url":"https:\/\/www.saintemilion-unesco.com\/wp-content\/uploads\/2018\/11\/carte-juridiction-saint-emilion-unesco3-3.jpg","type":"image\/jpeg"}],"twitter_card":"summary_large_image","twitter_misc":{"Est. reading time":"3 minutes"},"schema":{"@context":"https:\/\/schema.org","@graph":[{"@type":"WebPage","@id":"https:\/\/www.saintemilion-unesco.com\/en\/useful-links\/","url":"https:\/\/www.saintemilion-unesco.com\/en\/useful-links\/","name":"Useful links - Association Juridiction de Saint-Emilion","isPartOf":{"@id":"https:\/\/www.saintemilion-unesco.com\/en\/#website"},"datePublished":"2019-07-26T10:11:03+00:00","dateModified":"2019-07-26T10:12:20+00:00","breadcrumb":{"@id":"https:\/\/www.saintemilion-unesco.com\/en\/useful-links\/#breadcrumb"},"inLanguage":"en-US","potentialAction":[{"@type":"ReadAction","target":["https:\/\/www.saintemilion-unesco.com\/en\/useful-links\/"]}]},{"@type":"BreadcrumbList","@id":"https:\/\/www.saintemilion-unesco.com\/en\/useful-links\/#breadcrumb","itemListElement":[{"@type":"ListItem","position":1,"name":"Accueil","item":"https:\/\/www.saintemilion-unesco.com\/en\/"},{"@type":"ListItem","position":2,"name":"Useful links"}]},{"@type":"WebSite","@id":"https:\/\/www.saintemilion-unesco.com\/en\/#website","url":"https:\/\/www.saintemilion-unesco.com\/en\/","name":"Association Juridiction de Saint-Emilion","description":"Patrimoine Mondial de l&#039;Humanit\u00e9","potentialAction":[{"@type":"SearchAction","target":{"@type":"EntryPoint","urlTemplate":"https:\/\/www.saintemilion-unesco.com\/en\/?s={search_term_string}"},"query-input":"required name=search_term_string"}],"inLanguage":"en-US"}]}},"_links":{"self":[{"href":"https:\/\/www.saintemilion-unesco.com\/en\/wp-json\/wp\/v2\/pages\/2858"}],"collection":[{"href":"https:\/\/www.saintemilion-unesco.com\/en\/wp-json\/wp\/v2\/pages"}],"about":[{"href":"https:\/\/www.saintemilion-unesco.com\/en\/wp-json\/wp\/v2\/types\/page"}],"author":[{"embeddable":true,"href":"https:\/\/www.saintemilion-unesco.com\/en\/wp-json\/wp\/v2\/users\/1"}],"replies":[{"embeddable":true,"href":"https:\/\/www.saintemilion-unesco.com\/en\/wp-json\/wp\/v2\/comments?post=2858"}],"version-history":[{"count":3,"href":"https:\/\/www.saintemilion-unesco.com\/en\/wp-json\/wp\/v2\/pages\/2858\/revisions"}],"predecessor-version":[{"id":2861,"href":"https:\/\/www.saintemilion-unesco.com\/en\/wp-json\/wp\/v2\/pages\/2858\/revisions\/2861"}],"wp:attachment":[{"href":"https:\/\/www.saintemilion-unesco.com\/en\/wp-json\/wp\/v2\/media?parent=2858"}],"curies":[{"name":"wp","href":"https:\/\/api.w.org\/{rel}","templated":true}]}}