{"id":3928,"date":"2021-03-10T13:40:14","date_gmt":"2021-03-10T12:40:14","guid":{"rendered":"https:\/\/www.saintemilion-unesco.com\/la-inscripcion-unesco\/que-es-el-patrimonio-mundial\/"},"modified":"2021-03-10T13:40:17","modified_gmt":"2021-03-10T12:40:17","slug":"que-es-el-patrimonio-mundial","status":"publish","type":"page","link":"https:\/\/www.saintemilion-unesco.com\/es\/la-inscripcion-unesco\/que-es-el-patrimonio-mundial\/","title":{"rendered":"\u00bfQu\u00e9 es el Patrimonio Mundial?"},"content":{"rendered":"<p>[et_pb_section fb_built=\u00bb1&#8243; admin_label=\u00bbHero\u00bb _builder_version=\u00bb3.17.2&#8243; background_image=\u00bbhttps:\/\/www.saintemilion-unesco.com\/wp-content\/uploads\/2019\/01\/nadeau-rose-1-e1612869244253.jpg\u00bb parallax=\u00bbon\u00bb custom_padding=\u00bb215px||215px||true|false\u00bb][et_pb_row make_fullwidth=\u00bbon\u00bb use_custom_gutter=\u00bbon\u00bb gutter_width=\u00bb1&#8243; custom_padding=\u00bb0px|0px|0px|0px|false|false\u00bb custom_margin=\u00bb|||\u00bb background_position_1=\u00bbtop_left\u00bb background_position_2=\u00bbtop_left\u00bb background_repeat_1=\u00bbno-repeat\u00bb background_repeat_2=\u00bbno-repeat\u00bb padding_right_2=\u00bb10%\u00bb padding_left_2=\u00bb10%\u00bb _builder_version=\u00bb3.17.2&#8243;][et_pb_column type=\u00bb1_2&#8243; _builder_version=\u00bb3.0.47&#8243; parallax=\u00bboff\u00bb parallax_method=\u00bbon\u00bb background_position=\u00bbtop_left\u00bb background_repeat=\u00bbno-repeat\u00bb][\/et_pb_column][et_pb_column type=\u00bb1_2&#8243; _builder_version=\u00bb3.0.47&#8243; padding_left=\u00bb10%\u00bb padding_right=\u00bb10%\u00bb parallax=\u00bboff\u00bb parallax_method=\u00bbon\u00bb background_position=\u00bbtop_left\u00bb background_repeat=\u00bbno-repeat\u00bb][et_pb_text admin_label=\u00bbHero Title\u00bb _builder_version=\u00bb3.17.2&#8243; text_font=\u00bb||||\u00bb text_text_color=\u00bb#1a1a1a\u00bb header_font=\u00bbOswald|on||on|\u00bb header_text_align=\u00bbleft\u00bb header_font_size=\u00bb60px\u00bb header_line_height=\u00bb1.3em\u00bb background_layout=\u00bbdark\u00bb max_width=\u00bb450px\u00bb custom_margin=\u00bb|||\u00bb custom_padding=\u00bb|||\u00bb animation_style=\u00bbslide\u00bb animation_direction=\u00bbtop\u00bb animation_intensity_slide=\u00bb10%\u00bb locked=\u00bboff\u00bb]<\/p>\n<h1>\u00bfQu\u00e9 es el Patrimonio Mundial?<\/h1>\n<p>[\/et_pb_text][et_pb_divider color=\u00bb#ed4441&#8243; divider_position=\u00bbcenter\u00bb divider_weight=\u00bb3px\u00bb height=\u00bbfalse\u00bb disabled_on=\u00bbon|on|off%22&#8243; _builder_version=\u00bb3.2&#8243; max_width=\u00bb150px\u00bb custom_margin=\u00bb30px|||\u00bb animation_style=\u00bbslide\u00bb animation_direction=\u00bbtop\u00bb animation_delay=\u00bb100ms\u00bb animation_intensity_slide=\u00bb10%\u00bb locked=\u00bboff\u00bb][\/et_pb_divider][\/et_pb_column][\/et_pb_row][\/et_pb_section][et_pb_section fb_built=\u00bb1&#8243; _builder_version=\u00bb3.0.69&#8243; custom_padding=\u00bb110px||110px|\u00bb][et_pb_row custom_padding=\u00bb27px|0px|0|0px|false|false\u00bb module_id=\u00bbunesco\u00bb _builder_version=\u00bb3.17.2&#8243;][et_pb_column type=\u00bb4_4&#8243; _builder_version=\u00bb3.0.47&#8243; parallax=\u00bboff\u00bb parallax_method=\u00bbon\u00bb][et_pb_text admin_label=\u00bbTitle\u00bb _builder_version=\u00bb3.17.2&#8243; text_font=\u00bb||||\u00bb text_text_color=\u00bb#1a1a1a\u00bb header_font=\u00bbOswald|on||on|\u00bb header_text_align=\u00bbcenter\u00bb header_font_size=\u00bb60px\u00bb header_line_height=\u00bb1.3em\u00bb custom_margin=\u00bb|||\u00bb custom_padding=\u00bb|||\u00bb animation_style=\u00bbslide\u00bb animation_direction=\u00bbtop\u00bb animation_intensity_slide=\u00bb10%\u00bb locked=\u00bboff\u00bb]<\/p>\n<h1>La Unesco<\/h1>\n<p>[\/et_pb_text][et_pb_divider color=\u00bb#ed4441&#8243; divider_position=\u00bbcenter\u00bb divider_weight=\u00bb3px\u00bb height=\u00bbfalse\u00bb disabled_on=\u00bbon|on|off%22&#8243; _builder_version=\u00bb3.17.2&#8243; max_width=\u00bb150px\u00bb module_alignment=\u00bbcenter\u00bb custom_margin=\u00bb30px|||\u00bb animation_style=\u00bbslide\u00bb animation_direction=\u00bbtop\u00bb animation_delay=\u00bb100ms\u00bb animation_intensity_slide=\u00bb10%\u00bb locked=\u00bboff\u00bb][\/et_pb_divider][et_pb_text _builder_version=\u00bb3.17.2&#8243; text_font=\u00bbRoboto||||\u00bb text_font_size=\u00bb16px\u00bb text_line_height=\u00bb1.9em\u00bb background_size=\u00bbinitial\u00bb background_position=\u00bbtop_left\u00bb background_repeat=\u00bbrepeat\u00bb custom_margin=\u00bb60|||\u00bb custom_padding=\u00bb||60px|\u00bb animation_style=\u00bbslide\u00bb animation_direction=\u00bbtop\u00bb animation_delay=\u00bb400ms\u00bb animation_intensity_slide=\u00bb4%\u00bb locked=\u00bboff\u00bb]<\/p>\n<p>La Organizaci\u00f3n de las Naciones Unidas para la Educaci\u00f3n, la Ciencia y la Cultura (UNESCO) es una rama de las Naciones Unidas creada el 16 de noviembre de 1945, tras la Segunda Guerra Mundial, que tiene como objetivos la paz y la cooperaci\u00f3n entre los pueblos a trav\u00e9s de la educaci\u00f3n, la ciencia y la cultura.<br \/>Con tal fin, la UNESCO ha desarrollado numerosos proyectos para reunir a los Estados en torno a unos valores comunes. As\u00ed, en 1978, se introdujo la noci\u00f3n de \u00abPatrimonio Mundial de la Humanidad\u00bb para resaltar los bienes cuyo valor excepcional trasciende las fronteras. Desde entonces, cerca de 1.100 lugares han sido inscritos en esta lista, como el Monte Saint-Michel, la ciudad de Venecia, el Taj Mahal o la Gran Muralla China.<\/p>\n<p>[\/et_pb_text][\/et_pb_column][\/et_pb_row][et_pb_row _builder_version=\u00bb3.17.2&#8243;][et_pb_column type=\u00bb4_4&#8243; _builder_version=\u00bb3.17.2&#8243; parallax=\u00bboff\u00bb parallax_method=\u00bbon\u00bb][et_pb_video src=\u00bbhttps:\/\/www.youtube.com\/watch?v=bjCQH-STHUo\u00bb _builder_version=\u00bb3.17.2&#8243;][\/et_pb_video][et_pb_text _builder_version=\u00bb3.17.2&#8243; text_font=\u00bb||||||||\u00bb text_orientation=\u00bbcenter\u00bb]<\/p>\n<p>Fuente : http:\/\/www.assofrance-patrimoinemondial.org<\/p>\n<p>[\/et_pb_text][\/et_pb_column][\/et_pb_row][et_pb_row custom_padding=\u00bb40px|0px|60px|0px|false|false\u00bb _builder_version=\u00bb3.17.2&#8243;][et_pb_column type=\u00bb4_4&#8243; _builder_version=\u00bb3.0.47&#8243; parallax=\u00bboff\u00bb parallax_method=\u00bbon\u00bb][et_pb_text _builder_version=\u00bb3.17.2&#8243; text_font=\u00bbRoboto||on||||||\u00bb text_font_size=\u00bb26px\u00bb text_line_height=\u00bb1.4em\u00bb header_font=\u00bb||||||||\u00bb background_size=\u00bbinitial\u00bb background_position=\u00bbtop_left\u00bb background_repeat=\u00bbrepeat\u00bb text_orientation=\u00bbcenter\u00bb module_alignment=\u00bbcenter\u00bb custom_margin=\u00bb0px|||\u00bb custom_padding=\u00bb|||\u00bb animation_style=\u00bbslide\u00bb animation_direction=\u00bbtop\u00bb animation_delay=\u00bb400ms\u00bb animation_intensity_slide=\u00bb4%\u00bb locked=\u00bboff\u00bb]<\/p>\n<p>\u00abEl patrimonio es el legado que recibimos del pasado, lo que vivimos en el presente y lo que transmitimos a las futuras generaciones\u00bb.<\/p>\n<p>[\/et_pb_text][et_pb_text _builder_version=\u00bb3.17.2&#8243; text_font=\u00bb||||||||\u00bb text_orientation=\u00bbcenter\u00bb]<\/p>\n<p>Extracto de la Convenci\u00f3n para la Protecci\u00f3n del Patrimonio Mundial, Cultural y Natural de 1972.<\/p>\n<p>[\/et_pb_text][et_pb_divider color=\u00bb#ed4441&#8243; divider_position=\u00bbcenter\u00bb divider_weight=\u00bb3px\u00bb height=\u00bbfalse\u00bb disabled_on=\u00bbon|on|off%22&#8243; _builder_version=\u00bb3.17.2&#8243; max_width=\u00bb150px\u00bb module_alignment=\u00bbcenter\u00bb custom_margin=\u00bb|||\u00bb animation_style=\u00bbslide\u00bb animation_direction=\u00bbtop\u00bb animation_delay=\u00bb100ms\u00bb animation_intensity_slide=\u00bb10%\u00bb locked=\u00bboff\u00bb][\/et_pb_divider][\/et_pb_column][\/et_pb_row][et_pb_row custom_padding=\u00bb27px|0px|0|0|false|false\u00bb module_id=\u00bbpaysages\u00bb _builder_version=\u00bb3.17.2&#8243;][et_pb_column type=\u00bb4_4&#8243; _builder_version=\u00bb3.0.47&#8243; parallax=\u00bboff\u00bb parallax_method=\u00bbon\u00bb][et_pb_text admin_label=\u00bbTitle\u00bb _builder_version=\u00bb3.17.2&#8243; text_font=\u00bb||||\u00bb text_text_color=\u00bb#1a1a1a\u00bb header_font=\u00bbOswald|on||on|\u00bb header_text_align=\u00bbcenter\u00bb header_font_size=\u00bb60px\u00bb header_line_height=\u00bb1.3em\u00bb custom_margin=\u00bb|||\u00bb custom_padding=\u00bb|||\u00bb animation_style=\u00bbslide\u00bb animation_direction=\u00bbtop\u00bb animation_intensity_slide=\u00bb10%\u00bb locked=\u00bboff\u00bb]<\/p>\n<h1>Los paisajes culturales<\/h1>\n<p>[\/et_pb_text][et_pb_divider color=\u00bb#ed4441&#8243; divider_position=\u00bbcenter\u00bb divider_weight=\u00bb3px\u00bb height=\u00bbfalse\u00bb disabled_on=\u00bbon|on|off%22&#8243; _builder_version=\u00bb3.17.2&#8243; max_width=\u00bb150px\u00bb module_alignment=\u00bbcenter\u00bb custom_margin=\u00bb30px|||\u00bb animation_style=\u00bbslide\u00bb animation_direction=\u00bbtop\u00bb animation_delay=\u00bb100ms\u00bb animation_intensity_slide=\u00bb10%\u00bb locked=\u00bboff\u00bb][\/et_pb_divider][et_pb_text _builder_version=\u00bb3.17.2&#8243; text_font=\u00bbRoboto||||\u00bb text_font_size=\u00bb16px\u00bb text_line_height=\u00bb1.9em\u00bb background_size=\u00bbinitial\u00bb background_position=\u00bbtop_left\u00bb background_repeat=\u00bbrepeat\u00bb custom_margin=\u00bb60|||\u00bb custom_padding=\u00bb||60px|\u00bb animation_style=\u00bbslide\u00bb animation_direction=\u00bbtop\u00bb animation_delay=\u00bb400ms\u00bb animation_intensity_slide=\u00bb4%\u00bb locked=\u00bboff\u00bb]<\/p>\n<p>Como un patrimonio que combina la naturaleza y la obra del hombre, los paisajes culturales representan la \u00edntima relaci\u00f3n que el hombre tiene con su entorno. S\u00edmbolos econ\u00f3micos o espirituales, han sido forjados por generaciones y son los testigos de su actividad a lo largo de los siglos.<\/p>\n<p>Para darlos a conocer y protegerlos, la Lista del Patrimonio Mundial incluy\u00f3 en 1992 esta noci\u00f3n de \u00abPaisajes Culturales\u00bb en sus criterios de admisi\u00f3n.<\/p>\n<p>As\u00ed, en 1999, la Jurisdicci\u00f3n de Saint-\u00c9milion fue el primer vi\u00f1edo del mundo en ser catalogado como paisaje cultural.<\/p>\n<p>[\/et_pb_text][\/et_pb_column][\/et_pb_row][\/et_pb_section]<\/p>\n","protected":false},"excerpt":{"rendered":"<p>\u00bfQu\u00e9 es el Patrimonio Mundial?La UnescoLa Organizaci\u00f3n de las Naciones Unidas para la Educaci\u00f3n, la Ciencia y la Cultura (UNESCO) es una rama de las Naciones Unidas creada el 16 de noviembre de 1945, tras la Segunda Guerra Mundial, que tiene como objetivos la paz y la cooperaci\u00f3n entre los pueblos a trav\u00e9s de la [&hellip;]<\/p>\n","protected":false},"author":1,"featured_media":0,"parent":3919,"menu_order":0,"comment_status":"closed","ping_status":"closed","template":"","meta":{"_et_pb_use_builder":"on","_et_pb_old_content":"","_et_gb_content_width":""},"yoast_head":"<!-- This site is optimized with the Yoast SEO plugin v19.13 - https:\/\/yoast.com\/wordpress\/plugins\/seo\/ -->\n<title>\u00bfQu\u00e9 es el Patrimonio Mundial? - Association Juridiction de Saint-Emilion<\/title>\n<meta name=\"robots\" content=\"index, follow, max-snippet:-1, max-image-preview:large, max-video-preview:-1\" \/>\n<link rel=\"canonical\" href=\"https:\/\/www.saintemilion-unesco.com\/es\/la-inscripcion-unesco\/que-es-el-patrimonio-mundial\/\" \/>\n<meta property=\"og:locale\" content=\"es_ES\" \/>\n<meta property=\"og:type\" content=\"article\" \/>\n<meta property=\"og:title\" content=\"\u00bfQu\u00e9 es el Patrimonio Mundial? - Association Juridiction de Saint-Emilion\" \/>\n<meta property=\"og:description\" content=\"\u00bfQu\u00e9 es el Patrimonio Mundial?La UnescoLa Organizaci\u00f3n de las Naciones Unidas para la Educaci\u00f3n, la Ciencia y la Cultura (UNESCO) es una rama de las Naciones Unidas creada el 16 de noviembre de 1945, tras la Segunda Guerra Mundial, que tiene como objetivos la paz y la cooperaci\u00f3n entre los pueblos a trav\u00e9s de la [&hellip;]\" \/>\n<meta property=\"og:url\" content=\"https:\/\/www.saintemilion-unesco.com\/es\/la-inscripcion-unesco\/que-es-el-patrimonio-mundial\/\" \/>\n<meta property=\"og:site_name\" content=\"Association Juridiction de Saint-Emilion\" \/>\n<meta property=\"article:modified_time\" content=\"2021-03-10T12:40:17+00:00\" \/>\n<meta property=\"og:image\" content=\"https:\/\/www.saintemilion-unesco.com\/wp-content\/uploads\/2018\/11\/carte-juridiction-saint-emilion-unesco3-3.jpg\" \/>\n\t<meta property=\"og:image:width\" content=\"1920\" \/>\n\t<meta property=\"og:image:height\" content=\"764\" \/>\n\t<meta property=\"og:image:type\" content=\"image\/jpeg\" \/>\n<meta name=\"twitter:card\" content=\"summary_large_image\" \/>\n<meta name=\"twitter:label1\" content=\"Tiempo de lectura\" \/>\n\t<meta name=\"twitter:data1\" content=\"5 minutos\" \/>\n<script type=\"application\/ld+json\" class=\"yoast-schema-graph\">{\"@context\":\"https:\/\/schema.org\",\"@graph\":[{\"@type\":\"WebPage\",\"@id\":\"https:\/\/www.saintemilion-unesco.com\/es\/la-inscripcion-unesco\/que-es-el-patrimonio-mundial\/\",\"url\":\"https:\/\/www.saintemilion-unesco.com\/es\/la-inscripcion-unesco\/que-es-el-patrimonio-mundial\/\",\"name\":\"\u00bfQu\u00e9 es el Patrimonio Mundial? - Association Juridiction de Saint-Emilion\",\"isPartOf\":{\"@id\":\"https:\/\/www.saintemilion-unesco.com\/es\/#website\"},\"datePublished\":\"2021-03-10T12:40:14+00:00\",\"dateModified\":\"2021-03-10T12:40:17+00:00\",\"breadcrumb\":{\"@id\":\"https:\/\/www.saintemilion-unesco.com\/es\/la-inscripcion-unesco\/que-es-el-patrimonio-mundial\/#breadcrumb\"},\"inLanguage\":\"es\",\"potentialAction\":[{\"@type\":\"ReadAction\",\"target\":[\"https:\/\/www.saintemilion-unesco.com\/es\/la-inscripcion-unesco\/que-es-el-patrimonio-mundial\/\"]}]},{\"@type\":\"BreadcrumbList\",\"@id\":\"https:\/\/www.saintemilion-unesco.com\/es\/la-inscripcion-unesco\/que-es-el-patrimonio-mundial\/#breadcrumb\",\"itemListElement\":[{\"@type\":\"ListItem\",\"position\":1,\"name\":\"Accueil\",\"item\":\"https:\/\/www.saintemilion-unesco.com\/es\/\"},{\"@type\":\"ListItem\",\"position\":2,\"name\":\"La inscripci\u00f3n UNESCO\",\"item\":\"https:\/\/www.saintemilion-unesco.com\/es\/la-inscripcion-unesco\/\"},{\"@type\":\"ListItem\",\"position\":3,\"name\":\"\u00bfQu\u00e9 es el Patrimonio Mundial?\"}]},{\"@type\":\"WebSite\",\"@id\":\"https:\/\/www.saintemilion-unesco.com\/es\/#website\",\"url\":\"https:\/\/www.saintemilion-unesco.com\/es\/\",\"name\":\"Association Juridiction de Saint-Emilion\",\"description\":\"Patrimoine Mondial de l&#039;Humanit\u00e9\",\"potentialAction\":[{\"@type\":\"SearchAction\",\"target\":{\"@type\":\"EntryPoint\",\"urlTemplate\":\"https:\/\/www.saintemilion-unesco.com\/es\/?s={search_term_string}\"},\"query-input\":\"required name=search_term_string\"}],\"inLanguage\":\"es\"}]}<\/script>\n<!-- \/ Yoast SEO plugin. -->","yoast_head_json":{"title":"\u00bfQu\u00e9 es el Patrimonio Mundial? - Association Juridiction de Saint-Emilion","robots":{"index":"index","follow":"follow","max-snippet":"max-snippet:-1","max-image-preview":"max-image-preview:large","max-video-preview":"max-video-preview:-1"},"canonical":"https:\/\/www.saintemilion-unesco.com\/es\/la-inscripcion-unesco\/que-es-el-patrimonio-mundial\/","og_locale":"es_ES","og_type":"article","og_title":"\u00bfQu\u00e9 es el Patrimonio Mundial? - Association Juridiction de Saint-Emilion","og_description":"\u00bfQu\u00e9 es el Patrimonio Mundial?La UnescoLa Organizaci\u00f3n de las Naciones Unidas para la Educaci\u00f3n, la Ciencia y la Cultura (UNESCO) es una rama de las Naciones Unidas creada el 16 de noviembre de 1945, tras la Segunda Guerra Mundial, que tiene como objetivos la paz y la cooperaci\u00f3n entre los pueblos a trav\u00e9s de la [&hellip;]","og_url":"https:\/\/www.saintemilion-unesco.com\/es\/la-inscripcion-unesco\/que-es-el-patrimonio-mundial\/","og_site_name":"Association Juridiction de Saint-Emilion","article_modified_time":"2021-03-10T12:40:17+00:00","og_image":[{"width":1920,"height":764,"url":"https:\/\/www.saintemilion-unesco.com\/wp-content\/uploads\/2018\/11\/carte-juridiction-saint-emilion-unesco3-3.jpg","type":"image\/jpeg"}],"twitter_card":"summary_large_image","twitter_misc":{"Tiempo de lectura":"5 minutos"},"schema":{"@context":"https:\/\/schema.org","@graph":[{"@type":"WebPage","@id":"https:\/\/www.saintemilion-unesco.com\/es\/la-inscripcion-unesco\/que-es-el-patrimonio-mundial\/","url":"https:\/\/www.saintemilion-unesco.com\/es\/la-inscripcion-unesco\/que-es-el-patrimonio-mundial\/","name":"\u00bfQu\u00e9 es el Patrimonio Mundial? - Association Juridiction de Saint-Emilion","isPartOf":{"@id":"https:\/\/www.saintemilion-unesco.com\/es\/#website"},"datePublished":"2021-03-10T12:40:14+00:00","dateModified":"2021-03-10T12:40:17+00:00","breadcrumb":{"@id":"https:\/\/www.saintemilion-unesco.com\/es\/la-inscripcion-unesco\/que-es-el-patrimonio-mundial\/#breadcrumb"},"inLanguage":"es","potentialAction":[{"@type":"ReadAction","target":["https:\/\/www.saintemilion-unesco.com\/es\/la-inscripcion-unesco\/que-es-el-patrimonio-mundial\/"]}]},{"@type":"BreadcrumbList","@id":"https:\/\/www.saintemilion-unesco.com\/es\/la-inscripcion-unesco\/que-es-el-patrimonio-mundial\/#breadcrumb","itemListElement":[{"@type":"ListItem","position":1,"name":"Accueil","item":"https:\/\/www.saintemilion-unesco.com\/es\/"},{"@type":"ListItem","position":2,"name":"La inscripci\u00f3n UNESCO","item":"https:\/\/www.saintemilion-unesco.com\/es\/la-inscripcion-unesco\/"},{"@type":"ListItem","position":3,"name":"\u00bfQu\u00e9 es el Patrimonio Mundial?"}]},{"@type":"WebSite","@id":"https:\/\/www.saintemilion-unesco.com\/es\/#website","url":"https:\/\/www.saintemilion-unesco.com\/es\/","name":"Association Juridiction de Saint-Emilion","description":"Patrimoine Mondial de l&#039;Humanit\u00e9","potentialAction":[{"@type":"SearchAction","target":{"@type":"EntryPoint","urlTemplate":"https:\/\/www.saintemilion-unesco.com\/es\/?s={search_term_string}"},"query-input":"required name=search_term_string"}],"inLanguage":"es"}]}},"_links":{"self":[{"href":"https:\/\/www.saintemilion-unesco.com\/es\/wp-json\/wp\/v2\/pages\/3928"}],"collection":[{"href":"https:\/\/www.saintemilion-unesco.com\/es\/wp-json\/wp\/v2\/pages"}],"about":[{"href":"https:\/\/www.saintemilion-unesco.com\/es\/wp-json\/wp\/v2\/types\/page"}],"author":[{"embeddable":true,"href":"https:\/\/www.saintemilion-unesco.com\/es\/wp-json\/wp\/v2\/users\/1"}],"replies":[{"embeddable":true,"href":"https:\/\/www.saintemilion-unesco.com\/es\/wp-json\/wp\/v2\/comments?post=3928"}],"version-history":[{"count":9,"href":"https:\/\/www.saintemilion-unesco.com\/es\/wp-json\/wp\/v2\/pages\/3928\/revisions"}],"predecessor-version":[{"id":3938,"href":"https:\/\/www.saintemilion-unesco.com\/es\/wp-json\/wp\/v2\/pages\/3928\/revisions\/3938"}],"up":[{"embeddable":true,"href":"https:\/\/www.saintemilion-unesco.com\/es\/wp-json\/wp\/v2\/pages\/3919"}],"wp:attachment":[{"href":"https:\/\/www.saintemilion-unesco.com\/es\/wp-json\/wp\/v2\/media?parent=3928"}],"curies":[{"name":"wp","href":"https:\/\/api.w.org\/{rel}","templated":true}]}}