{"id":3939,"date":"2021-03-10T14:12:44","date_gmt":"2021-03-10T13:12:44","guid":{"rendered":"https:\/\/www.saintemilion-unesco.com\/la-inscripcion-unesco\/las-etapas-de-la-inscripcion\/"},"modified":"2021-03-10T14:13:49","modified_gmt":"2021-03-10T13:13:49","slug":"las-etapas-de-la-inscripcion","status":"publish","type":"page","link":"https:\/\/www.saintemilion-unesco.com\/es\/la-inscripcion-unesco\/las-etapas-de-la-inscripcion\/","title":{"rendered":"Las etapas de la inscripci\u00f3n"},"content":{"rendered":"<p>[et_pb_section fb_built=\u00bb1&#8243; admin_label=\u00bbHero\u00bb _builder_version=\u00bb3.17.2&#8243; background_image=\u00bbhttps:\/\/www.saintemilion-unesco.com\/wp-content\/uploads\/2019\/01\/Fongaban-VersBrunet-1-e1612876895930.jpg\u00bb parallax=\u00bbon\u00bb custom_padding=\u00bb225px||225px||true|false\u00bb][et_pb_row make_fullwidth=\u00bbon\u00bb use_custom_gutter=\u00bbon\u00bb gutter_width=\u00bb1&#8243; custom_padding=\u00bb70px||70px||true|false\u00bb custom_margin=\u00bb|||\u00bb background_position_1=\u00bbtop_left\u00bb background_position_2=\u00bbtop_left\u00bb background_repeat_1=\u00bbno-repeat\u00bb background_repeat_2=\u00bbno-repeat\u00bb padding_right_2=\u00bb10%\u00bb padding_left_2=\u00bb10%\u00bb _builder_version=\u00bb3.17.2&#8243;][et_pb_column type=\u00bb1_2&#8243; _builder_version=\u00bb3.0.47&#8243; parallax=\u00bboff\u00bb parallax_method=\u00bbon\u00bb background_position=\u00bbtop_left\u00bb background_repeat=\u00bbno-repeat\u00bb][\/et_pb_column][et_pb_column type=\u00bb1_2&#8243; _builder_version=\u00bb3.0.47&#8243; padding_left=\u00bb10%\u00bb padding_right=\u00bb10%\u00bb parallax=\u00bboff\u00bb parallax_method=\u00bbon\u00bb background_position=\u00bbtop_left\u00bb background_repeat=\u00bbno-repeat\u00bb][et_pb_text admin_label=\u00bbHero Title\u00bb _builder_version=\u00bb3.17.2&#8243; text_font=\u00bb||||\u00bb text_text_color=\u00bb#1a1a1a\u00bb header_font=\u00bbOswald|on||on|\u00bb header_text_align=\u00bbleft\u00bb header_font_size=\u00bb60px\u00bb header_line_height=\u00bb1.3em\u00bb background_layout=\u00bbdark\u00bb max_width=\u00bb450px\u00bb custom_margin=\u00bb|||\u00bb custom_padding=\u00bb|||\u00bb animation_style=\u00bbslide\u00bb animation_direction=\u00bbtop\u00bb animation_intensity_slide=\u00bb10%\u00bb locked=\u00bboff\u00bb]<\/p>\n<h1>Las etapas de la inscripci\u00f3n<\/h1>\n<p>[\/et_pb_text][et_pb_divider color=\u00bb#ed4441&#8243; divider_position=\u00bbcenter\u00bb divider_weight=\u00bb3px\u00bb height=\u00bbfalse\u00bb disabled_on=\u00bbon|on|off%22&#8243; _builder_version=\u00bb3.2&#8243; max_width=\u00bb150px\u00bb custom_margin=\u00bb30px|||\u00bb animation_style=\u00bbslide\u00bb animation_direction=\u00bbtop\u00bb animation_delay=\u00bb100ms\u00bb animation_intensity_slide=\u00bb10%\u00bb locked=\u00bboff\u00bb][\/et_pb_divider][\/et_pb_column][\/et_pb_row][\/et_pb_section][et_pb_section fb_built=\u00bb1&#8243; module_id=\u00bborigen\u00bb _builder_version=\u00bb3.17.2&#8243; custom_padding=\u00bb110px||0||false|false\u00bb][et_pb_row custom_width_px=\u00bb1280px\u00bb custom_padding=\u00bb0|0px|0|0px|false|false\u00bb _builder_version=\u00bb3.17.2&#8243; background_size=\u00bbinitial\u00bb background_position=\u00bbtop_left\u00bb background_repeat=\u00bbrepeat\u00bb][et_pb_column type=\u00bb4_4&#8243; _builder_version=\u00bb3.0.47&#8243; parallax=\u00bboff\u00bb parallax_method=\u00bbon\u00bb][et_pb_text admin_label=\u00bbTitle\u00bb _builder_version=\u00bb3.17.2&#8243; text_font=\u00bb||||\u00bb text_text_color=\u00bb#1a1a1a\u00bb header_font=\u00bbOswald|on||on|\u00bb header_text_align=\u00bbcenter\u00bb header_font_size=\u00bb60px\u00bb header_line_height=\u00bb1.3em\u00bb module_alignment=\u00bbcenter\u00bb custom_margin=\u00bb|||\u00bb custom_padding=\u00bb|||\u00bb animation_style=\u00bbslide\u00bb animation_direction=\u00bbtop\u00bb animation_intensity_slide=\u00bb10%\u00bb locked=\u00bboff\u00bb]<\/p>\n<h1>El origen de la inscripci\u00f3n<\/h1>\n<p>[\/et_pb_text][et_pb_divider color=\u00bb#ed4441&#8243; divider_position=\u00bbcenter\u00bb divider_weight=\u00bb3px\u00bb height=\u00bbfalse\u00bb disabled_on=\u00bbon|on|off%22&#8243; _builder_version=\u00bb3.17.2&#8243; max_width=\u00bb150px\u00bb module_alignment=\u00bbcenter\u00bb custom_margin=\u00bb30px|||\u00bb animation_style=\u00bbslide\u00bb animation_direction=\u00bbtop\u00bb animation_delay=\u00bb100ms\u00bb animation_intensity_slide=\u00bb10%\u00bb locked=\u00bboff\u00bb][\/et_pb_divider][et_pb_text _builder_version=\u00bb3.17.2&#8243; text_font=\u00bbRoboto||||\u00bb text_font_size=\u00bb16px\u00bb text_line_height=\u00bb1.9em\u00bb header_font=\u00bb||||||||\u00bb background_size=\u00bbinitial\u00bb background_position=\u00bbtop_left\u00bb background_repeat=\u00bbrepeat\u00bb module_alignment=\u00bbcenter\u00bb custom_margin=\u00bb|||\u00bb custom_padding=\u00bb||60px|\u00bb animation_style=\u00bbslide\u00bb animation_direction=\u00bbtop\u00bb animation_delay=\u00bb400ms\u00bb animation_intensity_slide=\u00bb4%\u00bb locked=\u00bboff\u00bb]<\/p>\n<p>El 5 de diciembre de 1999, la Jurisdicci\u00f3n de Saint-\u00c9milion fue el primer vi\u00f1edo inscrito en la Lista del Patrimonio Mundial por sus paisajes culturales.<\/p>\n<p>[\/et_pb_text][\/et_pb_column][\/et_pb_row][et_pb_row custom_padding=\u00bb0|0px|60px|0px|false|false\u00bb _builder_version=\u00bb3.17.2&#8243;][et_pb_column type=\u00bb4_4&#8243; _builder_version=\u00bb3.0.47&#8243; parallax=\u00bboff\u00bb parallax_method=\u00bbon\u00bb][et_pb_text admin_label=\u00bbTitle\u00bb _builder_version=\u00bb3.17.2&#8243; text_font=\u00bb||||||||\u00bb text_text_color=\u00bb#1a1a1a\u00bb header_font=\u00bbOswald|on||on|\u00bb header_text_align=\u00bbcenter\u00bb header_font_size=\u00bb60px\u00bb header_line_height=\u00bb1.3em\u00bb header_2_font=\u00bb||||||||\u00bb header_2_text_align=\u00bbcenter\u00bb max_width_last_edited=\u00bboff|desktop\u00bb module_alignment=\u00bbcenter\u00bb custom_margin=\u00bb|||\u00bb custom_padding=\u00bb|||\u00bb animation_style=\u00bbslide\u00bb animation_direction=\u00bbtop\u00bb animation_intensity_slide=\u00bb10%\u00bb locked=\u00bboff\u00bb]<\/p>\n<h2 style=\"text-align: center;\">Criterios utilizados para la inscripci\u00f3n<\/h2>\n<p>[\/et_pb_text][et_pb_divider color=\u00bb#ed4441&#8243; divider_position=\u00bbcenter\u00bb divider_weight=\u00bb3px\u00bb height=\u00bbfalse\u00bb disabled_on=\u00bbon|on|off%22&#8243; _builder_version=\u00bb3.17.2&#8243; max_width=\u00bb150px\u00bb module_alignment=\u00bbcenter\u00bb custom_margin=\u00bb|||\u00bb animation_style=\u00bbslide\u00bb animation_direction=\u00bbtop\u00bb animation_delay=\u00bb100ms\u00bb animation_intensity_slide=\u00bb10%\u00bb locked=\u00bboff\u00bb][\/et_pb_divider][et_pb_text _builder_version=\u00bb3.17.2&#8243; text_font=\u00bbRoboto||on||||||\u00bb text_font_size=\u00bb25px\u00bb text_line_height=\u00bb1.6em\u00bb header_font=\u00bb||||||||\u00bb background_size=\u00bbinitial\u00bb background_position=\u00bbtop_left\u00bb background_repeat=\u00bbrepeat\u00bb module_alignment=\u00bbcenter\u00bb custom_margin=\u00bb0px|||\u00bb custom_padding=\u00bb||60px|\u00bb animation_style=\u00bbslide\u00bb animation_direction=\u00bbtop\u00bb animation_delay=\u00bb400ms\u00bb animation_intensity_slide=\u00bb4%\u00bb locked=\u00bboff\u00bb]<\/p>\n<p>Criterio (III): La Jurisdicci\u00f3n de Saint-\u00c9milion es un excelente ejemplo de un paisaje vit\u00edcola e hist\u00f3rico que ha sobrevivido intacto y activo hasta nuestros d\u00edas.<\/p>\n<p>Criterio (IV): La Jurisdicci\u00f3n hist\u00f3rica de Saint-\u00c9milion es un ejemplo excepcional de cultivo intensivo de la vid en una regi\u00f3n delimitada con precisi\u00f3n.<\/p>\n<p>[\/et_pb_text][\/et_pb_column][\/et_pb_row][\/et_pb_section][et_pb_section fb_built=\u00bb1&#8243; _builder_version=\u00bb3.17.2&#8243; custom_padding=\u00bb0|0px|90px|0px|false|false\u00bb][et_pb_row custom_width_px=\u00bb1280px\u00bb custom_padding=\u00bb0|0px|0|0px|false|false\u00bb module_id=\u00bbpaysages\u00bb _builder_version=\u00bb3.17.2&#8243; background_size=\u00bbinitial\u00bb background_position=\u00bbtop_left\u00bb background_repeat=\u00bbrepeat\u00bb][et_pb_column type=\u00bb4_4&#8243; _builder_version=\u00bb3.0.47&#8243; parallax=\u00bboff\u00bb parallax_method=\u00bbon\u00bb][et_pb_text admin_label=\u00bbTitle\u00bb _builder_version=\u00bb3.17.2&#8243; text_font=\u00bb||||\u00bb text_text_color=\u00bb#1a1a1a\u00bb header_font=\u00bbOswald|on||on|\u00bb header_text_align=\u00bbcenter\u00bb header_font_size=\u00bb60px\u00bb header_line_height=\u00bb1.3em\u00bb module_alignment=\u00bbcenter\u00bb custom_margin=\u00bb|||\u00bb custom_padding=\u00bb|||\u00bb animation_style=\u00bbslide\u00bb animation_direction=\u00bbtop\u00bb animation_intensity_slide=\u00bb10%\u00bb locked=\u00bboff\u00bb]<\/p>\n<h1>Los paisajes culturales<\/h1>\n<p>[\/et_pb_text][et_pb_divider color=\u00bb#ed4441&#8243; divider_position=\u00bbcenter\u00bb divider_weight=\u00bb3px\u00bb height=\u00bbfalse\u00bb disabled_on=\u00bbon|on|off%22&#8243; _builder_version=\u00bb3.17.2&#8243; max_width=\u00bb150px\u00bb module_alignment=\u00bbcenter\u00bb custom_margin=\u00bb30px|||\u00bb animation_style=\u00bbslide\u00bb animation_direction=\u00bbtop\u00bb animation_delay=\u00bb100ms\u00bb animation_intensity_slide=\u00bb10%\u00bb locked=\u00bboff\u00bb][\/et_pb_divider][et_pb_image src=\u00bbhttps:\/\/www.saintemilion-unesco.com\/wp-content\/uploads\/2019\/01\/Faugere-Combe-1-e1612877874669.jpg\u00bb _builder_version=\u00bb3.17.2&#8243;][\/et_pb_image][et_pb_text _builder_version=\u00bb3.17.2&#8243; text_font=\u00bbRoboto||||\u00bb text_font_size=\u00bb16px\u00bb text_line_height=\u00bb1.9em\u00bb background_size=\u00bbinitial\u00bb background_position=\u00bbtop_left\u00bb background_repeat=\u00bbrepeat\u00bb module_alignment=\u00bbcenter\u00bb custom_margin=\u00bb|||\u00bb custom_padding=\u00bb|||\u00bb animation_style=\u00bbslide\u00bb animation_direction=\u00bbtop\u00bb animation_delay=\u00bb400ms\u00bb animation_intensity_slide=\u00bb4%\u00bb locked=\u00bboff\u00bb]<\/p>\n<p>Delimitada al sur por el r\u00edo Dordo\u00f1a y al norte por el arroyo de la Barbanne, la Jurisdicci\u00f3n de Saint-\u00c9milion est\u00e1 formada por una meseta (parcialmente arbolada), laderas, combes y una llanura.<\/p>\n<p>Los primeros rastros de ocupaci\u00f3n humana se remontan a la prehistoria y los descubrimientos arqueol\u00f3gicos atestiguan la presencia del cultivo de la vid ya en el siglo IV. A partir del siglo VIII, en la \u00e9poca que viv\u00eda el ermita\u00f1o Emilion, la actividad agr\u00edcola y vit\u00edcola se desarroll\u00f3 en torno al pueblo. Desde entonces, esta interacci\u00f3n entre el hombre y la naturaleza no ha parado de desarrollarse y estructurarse. Estos paisajes culturales constituyen un patrimonio evolutivo vivo. Esta larga historia vit\u00edcola ha marcado de manera caracter\u00edstica los monumentos, la arquitectura y los paisajes de la Jurisdicci\u00f3n. Esta combinaci\u00f3n de lo construido y lo no construido, la piedra, las vi\u00f1as, los bosques y el agua la convierten en un paisaje cultural clave.<\/p>\n<p>[\/et_pb_text][\/et_pb_column][\/et_pb_row][\/et_pb_section]<\/p>\n","protected":false},"excerpt":{"rendered":"<p>Las etapas de la inscripci\u00f3n El origen de la inscripci\u00f3n El 5 de diciembre de 1999, la Jurisdicci\u00f3n de Saint-\u00c9milion fue el primer vi\u00f1edo inscrito en la Lista del Patrimonio Mundial por sus paisajes culturales. Criterios utilizados para la inscripci\u00f3n Criterio (III): La Jurisdicci\u00f3n de Saint-\u00c9milion es un excelente ejemplo de un paisaje vit\u00edcola e [&hellip;]<\/p>\n","protected":false},"author":1,"featured_media":0,"parent":3919,"menu_order":0,"comment_status":"closed","ping_status":"closed","template":"","meta":{"_et_pb_use_builder":"on","_et_pb_old_content":"","_et_gb_content_width":""},"yoast_head":"<!-- This site is optimized with the Yoast SEO plugin v19.13 - https:\/\/yoast.com\/wordpress\/plugins\/seo\/ -->\n<title>Las etapas de la inscripci\u00f3n - Association Juridiction de Saint-Emilion<\/title>\n<meta name=\"robots\" content=\"index, follow, max-snippet:-1, max-image-preview:large, max-video-preview:-1\" \/>\n<link rel=\"canonical\" href=\"https:\/\/www.saintemilion-unesco.com\/es\/la-inscripcion-unesco\/las-etapas-de-la-inscripcion\/\" \/>\n<meta property=\"og:locale\" content=\"es_ES\" \/>\n<meta property=\"og:type\" content=\"article\" \/>\n<meta property=\"og:title\" content=\"Las etapas de la inscripci\u00f3n - Association Juridiction de Saint-Emilion\" \/>\n<meta property=\"og:description\" content=\"Las etapas de la inscripci\u00f3n El origen de la inscripci\u00f3n El 5 de diciembre de 1999, la Jurisdicci\u00f3n de Saint-\u00c9milion fue el primer vi\u00f1edo inscrito en la Lista del Patrimonio Mundial por sus paisajes culturales. Criterios utilizados para la inscripci\u00f3n Criterio (III): La Jurisdicci\u00f3n de Saint-\u00c9milion es un excelente ejemplo de un paisaje vit\u00edcola e [&hellip;]\" \/>\n<meta property=\"og:url\" content=\"https:\/\/www.saintemilion-unesco.com\/es\/la-inscripcion-unesco\/las-etapas-de-la-inscripcion\/\" \/>\n<meta property=\"og:site_name\" content=\"Association Juridiction de Saint-Emilion\" \/>\n<meta property=\"article:modified_time\" content=\"2021-03-10T13:13:49+00:00\" \/>\n<meta property=\"og:image\" content=\"https:\/\/www.saintemilion-unesco.com\/wp-content\/uploads\/2018\/11\/carte-juridiction-saint-emilion-unesco3-3.jpg\" \/>\n\t<meta property=\"og:image:width\" content=\"1920\" \/>\n\t<meta property=\"og:image:height\" content=\"764\" \/>\n\t<meta property=\"og:image:type\" content=\"image\/jpeg\" \/>\n<meta name=\"twitter:card\" content=\"summary_large_image\" \/>\n<meta name=\"twitter:label1\" content=\"Tiempo de lectura\" \/>\n\t<meta name=\"twitter:data1\" content=\"6 minutos\" \/>\n<script type=\"application\/ld+json\" class=\"yoast-schema-graph\">{\"@context\":\"https:\/\/schema.org\",\"@graph\":[{\"@type\":\"WebPage\",\"@id\":\"https:\/\/www.saintemilion-unesco.com\/es\/la-inscripcion-unesco\/las-etapas-de-la-inscripcion\/\",\"url\":\"https:\/\/www.saintemilion-unesco.com\/es\/la-inscripcion-unesco\/las-etapas-de-la-inscripcion\/\",\"name\":\"Las etapas de la inscripci\u00f3n - Association Juridiction de Saint-Emilion\",\"isPartOf\":{\"@id\":\"https:\/\/www.saintemilion-unesco.com\/es\/#website\"},\"datePublished\":\"2021-03-10T13:12:44+00:00\",\"dateModified\":\"2021-03-10T13:13:49+00:00\",\"breadcrumb\":{\"@id\":\"https:\/\/www.saintemilion-unesco.com\/es\/la-inscripcion-unesco\/las-etapas-de-la-inscripcion\/#breadcrumb\"},\"inLanguage\":\"es\",\"potentialAction\":[{\"@type\":\"ReadAction\",\"target\":[\"https:\/\/www.saintemilion-unesco.com\/es\/la-inscripcion-unesco\/las-etapas-de-la-inscripcion\/\"]}]},{\"@type\":\"BreadcrumbList\",\"@id\":\"https:\/\/www.saintemilion-unesco.com\/es\/la-inscripcion-unesco\/las-etapas-de-la-inscripcion\/#breadcrumb\",\"itemListElement\":[{\"@type\":\"ListItem\",\"position\":1,\"name\":\"Accueil\",\"item\":\"https:\/\/www.saintemilion-unesco.com\/es\/\"},{\"@type\":\"ListItem\",\"position\":2,\"name\":\"La inscripci\u00f3n UNESCO\",\"item\":\"https:\/\/www.saintemilion-unesco.com\/es\/la-inscripcion-unesco\/\"},{\"@type\":\"ListItem\",\"position\":3,\"name\":\"Las etapas de la inscripci\u00f3n\"}]},{\"@type\":\"WebSite\",\"@id\":\"https:\/\/www.saintemilion-unesco.com\/es\/#website\",\"url\":\"https:\/\/www.saintemilion-unesco.com\/es\/\",\"name\":\"Association Juridiction de Saint-Emilion\",\"description\":\"Patrimoine Mondial de l&#039;Humanit\u00e9\",\"potentialAction\":[{\"@type\":\"SearchAction\",\"target\":{\"@type\":\"EntryPoint\",\"urlTemplate\":\"https:\/\/www.saintemilion-unesco.com\/es\/?s={search_term_string}\"},\"query-input\":\"required name=search_term_string\"}],\"inLanguage\":\"es\"}]}<\/script>\n<!-- \/ Yoast SEO plugin. -->","yoast_head_json":{"title":"Las etapas de la inscripci\u00f3n - Association Juridiction de Saint-Emilion","robots":{"index":"index","follow":"follow","max-snippet":"max-snippet:-1","max-image-preview":"max-image-preview:large","max-video-preview":"max-video-preview:-1"},"canonical":"https:\/\/www.saintemilion-unesco.com\/es\/la-inscripcion-unesco\/las-etapas-de-la-inscripcion\/","og_locale":"es_ES","og_type":"article","og_title":"Las etapas de la inscripci\u00f3n - Association Juridiction de Saint-Emilion","og_description":"Las etapas de la inscripci\u00f3n El origen de la inscripci\u00f3n El 5 de diciembre de 1999, la Jurisdicci\u00f3n de Saint-\u00c9milion fue el primer vi\u00f1edo inscrito en la Lista del Patrimonio Mundial por sus paisajes culturales. Criterios utilizados para la inscripci\u00f3n Criterio (III): La Jurisdicci\u00f3n de Saint-\u00c9milion es un excelente ejemplo de un paisaje vit\u00edcola e [&hellip;]","og_url":"https:\/\/www.saintemilion-unesco.com\/es\/la-inscripcion-unesco\/las-etapas-de-la-inscripcion\/","og_site_name":"Association Juridiction de Saint-Emilion","article_modified_time":"2021-03-10T13:13:49+00:00","og_image":[{"width":1920,"height":764,"url":"https:\/\/www.saintemilion-unesco.com\/wp-content\/uploads\/2018\/11\/carte-juridiction-saint-emilion-unesco3-3.jpg","type":"image\/jpeg"}],"twitter_card":"summary_large_image","twitter_misc":{"Tiempo de lectura":"6 minutos"},"schema":{"@context":"https:\/\/schema.org","@graph":[{"@type":"WebPage","@id":"https:\/\/www.saintemilion-unesco.com\/es\/la-inscripcion-unesco\/las-etapas-de-la-inscripcion\/","url":"https:\/\/www.saintemilion-unesco.com\/es\/la-inscripcion-unesco\/las-etapas-de-la-inscripcion\/","name":"Las etapas de la inscripci\u00f3n - Association Juridiction de Saint-Emilion","isPartOf":{"@id":"https:\/\/www.saintemilion-unesco.com\/es\/#website"},"datePublished":"2021-03-10T13:12:44+00:00","dateModified":"2021-03-10T13:13:49+00:00","breadcrumb":{"@id":"https:\/\/www.saintemilion-unesco.com\/es\/la-inscripcion-unesco\/las-etapas-de-la-inscripcion\/#breadcrumb"},"inLanguage":"es","potentialAction":[{"@type":"ReadAction","target":["https:\/\/www.saintemilion-unesco.com\/es\/la-inscripcion-unesco\/las-etapas-de-la-inscripcion\/"]}]},{"@type":"BreadcrumbList","@id":"https:\/\/www.saintemilion-unesco.com\/es\/la-inscripcion-unesco\/las-etapas-de-la-inscripcion\/#breadcrumb","itemListElement":[{"@type":"ListItem","position":1,"name":"Accueil","item":"https:\/\/www.saintemilion-unesco.com\/es\/"},{"@type":"ListItem","position":2,"name":"La inscripci\u00f3n UNESCO","item":"https:\/\/www.saintemilion-unesco.com\/es\/la-inscripcion-unesco\/"},{"@type":"ListItem","position":3,"name":"Las etapas de la inscripci\u00f3n"}]},{"@type":"WebSite","@id":"https:\/\/www.saintemilion-unesco.com\/es\/#website","url":"https:\/\/www.saintemilion-unesco.com\/es\/","name":"Association Juridiction de Saint-Emilion","description":"Patrimoine Mondial de l&#039;Humanit\u00e9","potentialAction":[{"@type":"SearchAction","target":{"@type":"EntryPoint","urlTemplate":"https:\/\/www.saintemilion-unesco.com\/es\/?s={search_term_string}"},"query-input":"required name=search_term_string"}],"inLanguage":"es"}]}},"_links":{"self":[{"href":"https:\/\/www.saintemilion-unesco.com\/es\/wp-json\/wp\/v2\/pages\/3939"}],"collection":[{"href":"https:\/\/www.saintemilion-unesco.com\/es\/wp-json\/wp\/v2\/pages"}],"about":[{"href":"https:\/\/www.saintemilion-unesco.com\/es\/wp-json\/wp\/v2\/types\/page"}],"author":[{"embeddable":true,"href":"https:\/\/www.saintemilion-unesco.com\/es\/wp-json\/wp\/v2\/users\/1"}],"replies":[{"embeddable":true,"href":"https:\/\/www.saintemilion-unesco.com\/es\/wp-json\/wp\/v2\/comments?post=3939"}],"version-history":[{"count":9,"href":"https:\/\/www.saintemilion-unesco.com\/es\/wp-json\/wp\/v2\/pages\/3939\/revisions"}],"predecessor-version":[{"id":3948,"href":"https:\/\/www.saintemilion-unesco.com\/es\/wp-json\/wp\/v2\/pages\/3939\/revisions\/3948"}],"up":[{"embeddable":true,"href":"https:\/\/www.saintemilion-unesco.com\/es\/wp-json\/wp\/v2\/pages\/3919"}],"wp:attachment":[{"href":"https:\/\/www.saintemilion-unesco.com\/es\/wp-json\/wp\/v2\/media?parent=3939"}],"curies":[{"name":"wp","href":"https:\/\/api.w.org\/{rel}","templated":true}]}}