{"id":3963,"date":"2021-03-10T14:29:41","date_gmt":"2021-03-10T13:29:41","guid":{"rendered":"https:\/\/www.saintemilion-unesco.com\/historia-de-la-jurisdiccion\/"},"modified":"2023-10-31T17:23:38","modified_gmt":"2023-10-31T16:23:38","slug":"historia-de-la-jurisdiccion","status":"publish","type":"page","link":"https:\/\/www.saintemilion-unesco.com\/es\/la-jurisdiccion\/historia-de-la-jurisdiccion\/","title":{"rendered":"Historia de la Jurisdicci\u00f3n"},"content":{"rendered":"<p>[et_pb_section fb_built=\u00bb1&#8243; admin_label=\u00bbHero\u00bb _builder_version=\u00bb4.16&#8243; background_image=\u00bbhttps:\/\/www.saintemilion-unesco.com\/wp-content\/uploads\/2019\/01\/StEmilion-Architecture-ombre-1.jpg\u00bb parallax=\u00bbon\u00bb custom_padding=\u00bb225px||225px||true|false\u00bb global_colors_info=\u00bb{}\u00bb][et_pb_row column_structure=\u00bb1_2,1_2&#8243; use_custom_gutter=\u00bbon\u00bb gutter_width=\u00bb1&#8243; module_class=\u00bb et_pb_row_fullwidth\u00bb _builder_version=\u00bb4.16&#8243; width=\u00bb100%\u00bb width_tablet=\u00bb100%\u00bb width_phone=\u00bb100%\u00bb width_last_edited=\u00bbon|desktop\u00bb max_width=\u00bb100%\u00bb max_width_tablet=\u00bb100%\u00bb max_width_phone=\u00bb100%\u00bb max_width_last_edited=\u00bbon|desktop\u00bb custom_margin=\u00bb|||\u00bb custom_padding=\u00bb70px|0px|70px|0px|true|false\u00bb make_fullwidth=\u00bbon\u00bb global_colors_info=\u00bb{}\u00bb][et_pb_column type=\u00bb1_2&#8243; _builder_version=\u00bb4.16&#8243; background_position=\u00bbtop_left\u00bb custom_padding=\u00bb|||\u00bb global_colors_info=\u00bb{}\u00bb custom_padding__hover=\u00bb|||\u00bb][\/et_pb_column][et_pb_column type=\u00bb1_2&#8243; _builder_version=\u00bb4.16&#8243; background_position=\u00bbtop_left\u00bb custom_padding=\u00bb|10%||10%\u00bb global_colors_info=\u00bb{}\u00bb custom_padding__hover=\u00bb|||\u00bb][et_pb_text admin_label=\u00bbHero Title\u00bb _builder_version=\u00bb4.16&#8243; text_font=\u00bb||||\u00bb text_text_color=\u00bb#1a1a1a\u00bb header_font=\u00bbOswald|on||on|\u00bb header_text_align=\u00bbleft\u00bb header_font_size=\u00bb60px\u00bb header_line_height=\u00bb1.3em\u00bb background_layout=\u00bbdark\u00bb max_width=\u00bb450px\u00bb custom_margin=\u00bb|||\u00bb custom_padding=\u00bb|||\u00bb animation_style=\u00bbslide\u00bb animation_direction=\u00bbtop\u00bb animation_intensity_slide=\u00bb10%\u00bb locked=\u00bboff\u00bb global_colors_info=\u00bb{}\u00bb]<\/p>\n<h1>Historia de la Jurisdicci\u00f3n<\/h1>\n<p>[\/et_pb_text][et_pb_divider color=\u00bb#ed4441&#8243; divider_position=\u00bbcenter\u00bb divider_weight=\u00bb3px\u00bb disabled_on=\u00bbon|on|off%22&#8243; _builder_version=\u00bb4.16&#8243; max_width=\u00bb150px\u00bb height=\u00bbfalse\u00bb custom_margin=\u00bb30px|||\u00bb animation_style=\u00bbslide\u00bb animation_direction=\u00bbtop\u00bb animation_delay=\u00bb100ms\u00bb animation_intensity_slide=\u00bb10%\u00bb locked=\u00bboff\u00bb global_colors_info=\u00bb{}\u00bb][\/et_pb_divider][\/et_pb_column][\/et_pb_row][\/et_pb_section][et_pb_section fb_built=\u00bb1&#8243; module_id=\u00bborigen\u00bb _builder_version=\u00bb4.16&#8243; custom_padding=\u00bb110px||0||false|false\u00bb global_colors_info=\u00bb{}\u00bb][et_pb_row module_id=\u00bbmoine\u00bb _builder_version=\u00bb4.16&#8243; custom_padding=\u00bb27px|0px|29px|0px|false|false\u00bb global_colors_info=\u00bb{}\u00bb][et_pb_column type=\u00bb4_4&#8243; _builder_version=\u00bb4.16&#8243; custom_padding=\u00bb|||\u00bb global_colors_info=\u00bb{}\u00bb custom_padding__hover=\u00bb|||\u00bb][et_pb_text admin_label=\u00bbTitle\u00bb _builder_version=\u00bb4.16&#8243; text_font=\u00bb||||\u00bb text_text_color=\u00bb#1a1a1a\u00bb header_font=\u00bbOswald|on||on|\u00bb header_text_align=\u00bbleft\u00bb header_font_size=\u00bb60px\u00bb header_line_height=\u00bb1.3em\u00bb max_width=\u00bb450px\u00bb module_alignment=\u00bbcenter\u00bb custom_margin=\u00bb|||\u00bb custom_padding=\u00bb|||\u00bb animation_style=\u00bbslide\u00bb animation_direction=\u00bbtop\u00bb animation_intensity_slide=\u00bb10%\u00bb locked=\u00bboff\u00bb global_colors_info=\u00bb{}\u00bb]<\/p>\n<h1>El monje Emilion<\/h1>\n<p>[\/et_pb_text][et_pb_divider color=\u00bb#ed4441&#8243; divider_position=\u00bbcenter\u00bb divider_weight=\u00bb3px\u00bb disabled_on=\u00bbon|on|off%22&#8243; _builder_version=\u00bb4.16&#8243; max_width=\u00bb150px\u00bb module_alignment=\u00bbcenter\u00bb height=\u00bbfalse\u00bb custom_margin=\u00bb30px|||\u00bb animation_style=\u00bbslide\u00bb animation_direction=\u00bbtop\u00bb animation_delay=\u00bb100ms\u00bb animation_intensity_slide=\u00bb10%\u00bb locked=\u00bboff\u00bb global_colors_info=\u00bb{}\u00bb][\/et_pb_divider][\/et_pb_column][\/et_pb_row][et_pb_row _builder_version=\u00bb4.16&#8243; custom_padding=\u00bb27px|0px|46px|0px|false|false\u00bb global_colors_info=\u00bb{}\u00bb][et_pb_column type=\u00bb4_4&#8243; _builder_version=\u00bb4.16&#8243; custom_padding=\u00bb|||\u00bb global_colors_info=\u00bb{}\u00bb custom_padding__hover=\u00bb|||\u00bb][et_pb_text _builder_version=\u00bb4.16&#8243; text_font=\u00bbRoboto||||\u00bb text_font_size=\u00bb16px\u00bb text_line_height=\u00bb1.9em\u00bb background_size=\u00bbinitial\u00bb background_position=\u00bbtop_left\u00bb background_repeat=\u00bbrepeat\u00bb custom_margin=\u00bb|||\u00bb custom_padding=\u00bb||60px|\u00bb animation_style=\u00bbslide\u00bb animation_direction=\u00bbtop\u00bb animation_delay=\u00bb400ms\u00bb animation_intensity_slide=\u00bb4%\u00bb locked=\u00bboff\u00bb global_colors_info=\u00bb{}\u00bb]<\/p>\n<p>Si bien las huellas de ocupaci\u00f3n en la Jurisdicci\u00f3n se remontan a unos 35.000 a\u00f1os antes de nuestra era, es sobre todo a partir del siglo VIII cuando comienza su historia, cuando Emilion, un monje bret\u00f3n nacido en Vannes, decide retirarse al Sur. Seg\u00fan la leyenda, este antiguo administrador del Conde de Vannes robaba trozos de pan para d\u00e1rselos a los pobres a escondidas. Un d\u00eda que llevaba algo debajo del abrigo, le pararon y le ordenaron que abriera su abrigo. Y como por milagro, el pan se hab\u00eda convertido en madera.<\/p>\n<p>Tras su marcha, se dirigi\u00f3 a Royan, donde se dedic\u00f3 a la oraci\u00f3n, y, posteriormente, decidi\u00f3 instalarse en una ermita cerca del bosque de Ascumbas (\u00abla combe\u00bb). Una vez m\u00e1s, los milagros de Emilion se multiplicaron y su virtud se hizo conocida. A partir de entonces, se le unieron numerosos disc\u00edpulos, con los que cre\u00f3 un sitio mon\u00e1stico que llevar\u00eda su nombre tras su muerte en el a\u00f1o 767, Saint-\u00c9milion.<\/p>\n<p>A partir de entonces, la ciudad, como toda la Jurisdicci\u00f3n, conoce un auge y se desarrolla durante toda la Edad Media. Saint-\u00c9milion incluso construy\u00f3 murallas ya en el siglo XIII, algunas de las cuales siguen siendo visibles hoy en d\u00eda.<\/p>\n<p>[\/et_pb_text][\/et_pb_column][\/et_pb_row][et_pb_row module_id=\u00bbjurade\u00bb _builder_version=\u00bb4.16&#8243; background_size=\u00bbinitial\u00bb background_position=\u00bbtop_left\u00bb background_repeat=\u00bbrepeat\u00bb custom_padding=\u00bb0|0px|30px|0px|false|false\u00bb custom_width_px=\u00bb1280px\u00bb global_colors_info=\u00bb{}\u00bb][et_pb_column type=\u00bb4_4&#8243; _builder_version=\u00bb4.16&#8243; custom_padding=\u00bb|||\u00bb global_colors_info=\u00bb{}\u00bb custom_padding__hover=\u00bb|||\u00bb][et_pb_text admin_label=\u00bbTitle\u00bb _builder_version=\u00bb4.16&#8243; text_font=\u00bb||||\u00bb text_text_color=\u00bb#1a1a1a\u00bb header_font=\u00bbOswald|on||on|\u00bb header_text_align=\u00bbcenter\u00bb header_font_size=\u00bb60px\u00bb header_line_height=\u00bb1.3em\u00bb module_alignment=\u00bbcenter\u00bb custom_margin=\u00bb|||\u00bb custom_padding=\u00bb|||\u00bb animation_style=\u00bbslide\u00bb animation_direction=\u00bbtop\u00bb animation_intensity_slide=\u00bb10%\u00bb locked=\u00bboff\u00bb global_colors_info=\u00bb{}\u00bb]<\/p>\n<h1>La Jurade<\/h1>\n<p>[\/et_pb_text][et_pb_divider color=\u00bb#ed4441&#8243; divider_position=\u00bbcenter\u00bb divider_weight=\u00bb3px\u00bb disabled_on=\u00bbon|on|off%22&#8243; _builder_version=\u00bb4.16&#8243; max_width=\u00bb150px\u00bb module_alignment=\u00bbcenter\u00bb height=\u00bbfalse\u00bb custom_margin=\u00bb30px|||\u00bb animation_style=\u00bbslide\u00bb animation_direction=\u00bbtop\u00bb animation_delay=\u00bb100ms\u00bb animation_intensity_slide=\u00bb10%\u00bb locked=\u00bboff\u00bb global_colors_info=\u00bb{}\u00bb][\/et_pb_divider][\/et_pb_column][\/et_pb_row][et_pb_row column_structure=\u00bb1_2,1_2&#8243; _builder_version=\u00bb4.16&#8243; custom_padding=\u00bb27px|0px|90px|0px|false|false\u00bb global_colors_info=\u00bb{}\u00bb][et_pb_column type=\u00bb1_2&#8243; _builder_version=\u00bb4.16&#8243; custom_padding=\u00bb|||\u00bb global_colors_info=\u00bb{}\u00bb custom_padding__hover=\u00bb|||\u00bb][et_pb_image src=\u00bbhttps:\/\/www.saintemilion-unesco.com\/wp-content\/uploads\/2019\/01\/Saint-Emilion-jurat.jpg\u00bb force_fullwidth=\u00bbon\u00bb align_tablet=\u00bbcenter\u00bb align_phone=\u00bbcenter\u00bb align_last_edited=\u00bbon|desktop\u00bb _builder_version=\u00bb4.16&#8243; custom_margin=\u00bb|||\u00bb animation_style=\u00bbslide\u00bb animation_direction=\u00bb%22fade_in%22&#8243; animation_duration=\u00bb500ms\u00bb animation_intensity_slide=\u00bb10%\u00bb animation=\u00bbfade_in\u00bb global_colors_info=\u00bb{}\u00bb][\/et_pb_image][\/et_pb_column][et_pb_column type=\u00bb1_2&#8243; _builder_version=\u00bb4.16&#8243; custom_padding=\u00bb|||\u00bb global_colors_info=\u00bb{}\u00bb custom_padding__hover=\u00bb|||\u00bb][et_pb_text _builder_version=\u00bb4.16&#8243; text_font=\u00bbRoboto||||\u00bb text_font_size=\u00bb16px\u00bb text_line_height=\u00bb1.9em\u00bb background_size=\u00bbinitial\u00bb background_position=\u00bbtop_left\u00bb background_repeat=\u00bbrepeat\u00bb max_width=\u00bb450px\u00bb custom_margin=\u00bb|||\u00bb custom_padding=\u00bb||60px|\u00bb animation_style=\u00bbslide\u00bb animation_direction=\u00bbtop\u00bb animation_delay=\u00bb400ms\u00bb animation_intensity_slide=\u00bb4%\u00bb locked=\u00bboff\u00bb global_colors_info=\u00bb{}\u00bb]<\/p>\n<p>En 1199, Juan sin Tierra, hijo de Leonor de Aquitania, se convierte en rey de Inglaterra y necesita el apoyo de los territorios de Francia para reforzar su poder. Para reconquistar ciertas regiones, forma alianzas con la burgues\u00eda de algunas ciudades &#8211; <em>incluida Saint-Emilion, que fue la primera ciudad de la regi\u00f3n de Burdeos en beneficiarse de tal privilegio<\/em> &#8211; otorg\u00e1ndoles poderes econ\u00f3micos, pol\u00edticos y judiciales. As\u00ed nace la Jurade, que administrar\u00eda la Jurisdicci\u00f3n de Saint-\u00c9milion hasta la Revoluci\u00f3n Francesa.<\/p>\n<p>Entre sus atribuciones est\u00e1 la de comprobar la calidad de los vinos. Cuando un vino se considera digno de Saint-\u00c9milion, la barrica se marca con el sello de la Jurade (\u00abla marca a fuego del viticultor\u00bb) y se prepara para la exportaci\u00f3n, sobre todo a Inglaterra en barcos que parten del puerto de Pierrefitte, en el sur de la Jurisdicci\u00f3n. Gracias a este intercambio, el vino de Saint-\u00c9milion ve aumentar su notoriedad, primeros signos de su reputaci\u00f3n mundial actual.<\/p>\n<p>Creada de nuevo en 1948 por los viticultores, la Jurade es, desde entonces, la embajadora de los vinos de Saint-\u00c9milion en todo el mundo y defiende la reputaci\u00f3n de las diferentes denominaciones.<\/p>\n<p>[\/et_pb_text][\/et_pb_column][\/et_pb_row][\/et_pb_section]<\/p>\n","protected":false},"excerpt":{"rendered":"<p>Historia de la Jurisdicci\u00f3n El monje Emilion Si bien las huellas de ocupaci\u00f3n en la Jurisdicci\u00f3n se remontan a unos 35.000 a\u00f1os antes de nuestra era, es sobre todo a partir del siglo VIII cuando comienza su historia, cuando Emilion, un monje bret\u00f3n nacido en Vannes, decide retirarse al Sur. Seg\u00fan la leyenda, este antiguo [&hellip;]<\/p>\n","protected":false},"author":1,"featured_media":0,"parent":3969,"menu_order":0,"comment_status":"closed","ping_status":"closed","template":"","meta":{"_et_pb_use_builder":"on","_et_pb_old_content":"","_et_gb_content_width":""},"yoast_head":"<!-- This site is optimized with the Yoast SEO plugin v19.13 - https:\/\/yoast.com\/wordpress\/plugins\/seo\/ -->\n<title>Historia de la Jurisdicci\u00f3n - Association Juridiction de Saint-Emilion<\/title>\n<meta name=\"robots\" content=\"index, follow, max-snippet:-1, max-image-preview:large, max-video-preview:-1\" \/>\n<link rel=\"canonical\" href=\"https:\/\/www.saintemilion-unesco.com\/es\/la-jurisdiccion\/historia-de-la-jurisdiccion\/\" \/>\n<meta property=\"og:locale\" content=\"es_ES\" \/>\n<meta property=\"og:type\" content=\"article\" \/>\n<meta property=\"og:title\" content=\"Historia de la Jurisdicci\u00f3n - Association Juridiction de Saint-Emilion\" \/>\n<meta property=\"og:description\" content=\"Historia de la Jurisdicci\u00f3n El monje Emilion Si bien las huellas de ocupaci\u00f3n en la Jurisdicci\u00f3n se remontan a unos 35.000 a\u00f1os antes de nuestra era, es sobre todo a partir del siglo VIII cuando comienza su historia, cuando Emilion, un monje bret\u00f3n nacido en Vannes, decide retirarse al Sur. Seg\u00fan la leyenda, este antiguo [&hellip;]\" \/>\n<meta property=\"og:url\" content=\"https:\/\/www.saintemilion-unesco.com\/es\/la-jurisdiccion\/historia-de-la-jurisdiccion\/\" \/>\n<meta property=\"og:site_name\" content=\"Association Juridiction de Saint-Emilion\" \/>\n<meta property=\"article:modified_time\" content=\"2023-10-31T16:23:38+00:00\" \/>\n<meta property=\"og:image\" content=\"https:\/\/www.saintemilion-unesco.com\/wp-content\/uploads\/2018\/11\/carte-juridiction-saint-emilion-unesco3-3.jpg\" \/>\n\t<meta property=\"og:image:width\" content=\"1920\" \/>\n\t<meta property=\"og:image:height\" content=\"764\" \/>\n\t<meta property=\"og:image:type\" content=\"image\/jpeg\" \/>\n<meta name=\"twitter:card\" content=\"summary_large_image\" \/>\n<meta name=\"twitter:label1\" content=\"Tiempo de lectura\" \/>\n\t<meta name=\"twitter:data1\" content=\"3 minutos\" \/>\n<script type=\"application\/ld+json\" class=\"yoast-schema-graph\">{\"@context\":\"https:\/\/schema.org\",\"@graph\":[{\"@type\":\"WebPage\",\"@id\":\"https:\/\/www.saintemilion-unesco.com\/es\/la-jurisdiccion\/historia-de-la-jurisdiccion\/\",\"url\":\"https:\/\/www.saintemilion-unesco.com\/es\/la-jurisdiccion\/historia-de-la-jurisdiccion\/\",\"name\":\"Historia de la Jurisdicci\u00f3n - Association Juridiction de Saint-Emilion\",\"isPartOf\":{\"@id\":\"https:\/\/www.saintemilion-unesco.com\/es\/#website\"},\"datePublished\":\"2021-03-10T13:29:41+00:00\",\"dateModified\":\"2023-10-31T16:23:38+00:00\",\"breadcrumb\":{\"@id\":\"https:\/\/www.saintemilion-unesco.com\/es\/la-jurisdiccion\/historia-de-la-jurisdiccion\/#breadcrumb\"},\"inLanguage\":\"es\",\"potentialAction\":[{\"@type\":\"ReadAction\",\"target\":[\"https:\/\/www.saintemilion-unesco.com\/es\/la-jurisdiccion\/historia-de-la-jurisdiccion\/\"]}]},{\"@type\":\"BreadcrumbList\",\"@id\":\"https:\/\/www.saintemilion-unesco.com\/es\/la-jurisdiccion\/historia-de-la-jurisdiccion\/#breadcrumb\",\"itemListElement\":[{\"@type\":\"ListItem\",\"position\":1,\"name\":\"Accueil\",\"item\":\"https:\/\/www.saintemilion-unesco.com\/es\/\"},{\"@type\":\"ListItem\",\"position\":2,\"name\":\"La Jurisdicci\u00f3n\",\"item\":\"https:\/\/www.saintemilion-unesco.com\/es\/la-jurisdiccion\/\"},{\"@type\":\"ListItem\",\"position\":3,\"name\":\"Historia de la Jurisdicci\u00f3n\"}]},{\"@type\":\"WebSite\",\"@id\":\"https:\/\/www.saintemilion-unesco.com\/es\/#website\",\"url\":\"https:\/\/www.saintemilion-unesco.com\/es\/\",\"name\":\"Association Juridiction de Saint-Emilion\",\"description\":\"Patrimoine Mondial de l&#039;Humanit\u00e9\",\"potentialAction\":[{\"@type\":\"SearchAction\",\"target\":{\"@type\":\"EntryPoint\",\"urlTemplate\":\"https:\/\/www.saintemilion-unesco.com\/es\/?s={search_term_string}\"},\"query-input\":\"required name=search_term_string\"}],\"inLanguage\":\"es\"}]}<\/script>\n<!-- \/ Yoast SEO plugin. -->","yoast_head_json":{"title":"Historia de la Jurisdicci\u00f3n - Association Juridiction de Saint-Emilion","robots":{"index":"index","follow":"follow","max-snippet":"max-snippet:-1","max-image-preview":"max-image-preview:large","max-video-preview":"max-video-preview:-1"},"canonical":"https:\/\/www.saintemilion-unesco.com\/es\/la-jurisdiccion\/historia-de-la-jurisdiccion\/","og_locale":"es_ES","og_type":"article","og_title":"Historia de la Jurisdicci\u00f3n - Association Juridiction de Saint-Emilion","og_description":"Historia de la Jurisdicci\u00f3n El monje Emilion Si bien las huellas de ocupaci\u00f3n en la Jurisdicci\u00f3n se remontan a unos 35.000 a\u00f1os antes de nuestra era, es sobre todo a partir del siglo VIII cuando comienza su historia, cuando Emilion, un monje bret\u00f3n nacido en Vannes, decide retirarse al Sur. Seg\u00fan la leyenda, este antiguo [&hellip;]","og_url":"https:\/\/www.saintemilion-unesco.com\/es\/la-jurisdiccion\/historia-de-la-jurisdiccion\/","og_site_name":"Association Juridiction de Saint-Emilion","article_modified_time":"2023-10-31T16:23:38+00:00","og_image":[{"width":1920,"height":764,"url":"https:\/\/www.saintemilion-unesco.com\/wp-content\/uploads\/2018\/11\/carte-juridiction-saint-emilion-unesco3-3.jpg","type":"image\/jpeg"}],"twitter_card":"summary_large_image","twitter_misc":{"Tiempo de lectura":"3 minutos"},"schema":{"@context":"https:\/\/schema.org","@graph":[{"@type":"WebPage","@id":"https:\/\/www.saintemilion-unesco.com\/es\/la-jurisdiccion\/historia-de-la-jurisdiccion\/","url":"https:\/\/www.saintemilion-unesco.com\/es\/la-jurisdiccion\/historia-de-la-jurisdiccion\/","name":"Historia de la Jurisdicci\u00f3n - Association Juridiction de Saint-Emilion","isPartOf":{"@id":"https:\/\/www.saintemilion-unesco.com\/es\/#website"},"datePublished":"2021-03-10T13:29:41+00:00","dateModified":"2023-10-31T16:23:38+00:00","breadcrumb":{"@id":"https:\/\/www.saintemilion-unesco.com\/es\/la-jurisdiccion\/historia-de-la-jurisdiccion\/#breadcrumb"},"inLanguage":"es","potentialAction":[{"@type":"ReadAction","target":["https:\/\/www.saintemilion-unesco.com\/es\/la-jurisdiccion\/historia-de-la-jurisdiccion\/"]}]},{"@type":"BreadcrumbList","@id":"https:\/\/www.saintemilion-unesco.com\/es\/la-jurisdiccion\/historia-de-la-jurisdiccion\/#breadcrumb","itemListElement":[{"@type":"ListItem","position":1,"name":"Accueil","item":"https:\/\/www.saintemilion-unesco.com\/es\/"},{"@type":"ListItem","position":2,"name":"La Jurisdicci\u00f3n","item":"https:\/\/www.saintemilion-unesco.com\/es\/la-jurisdiccion\/"},{"@type":"ListItem","position":3,"name":"Historia de la Jurisdicci\u00f3n"}]},{"@type":"WebSite","@id":"https:\/\/www.saintemilion-unesco.com\/es\/#website","url":"https:\/\/www.saintemilion-unesco.com\/es\/","name":"Association Juridiction de Saint-Emilion","description":"Patrimoine Mondial de l&#039;Humanit\u00e9","potentialAction":[{"@type":"SearchAction","target":{"@type":"EntryPoint","urlTemplate":"https:\/\/www.saintemilion-unesco.com\/es\/?s={search_term_string}"},"query-input":"required name=search_term_string"}],"inLanguage":"es"}]}},"_links":{"self":[{"href":"https:\/\/www.saintemilion-unesco.com\/es\/wp-json\/wp\/v2\/pages\/3963"}],"collection":[{"href":"https:\/\/www.saintemilion-unesco.com\/es\/wp-json\/wp\/v2\/pages"}],"about":[{"href":"https:\/\/www.saintemilion-unesco.com\/es\/wp-json\/wp\/v2\/types\/page"}],"author":[{"embeddable":true,"href":"https:\/\/www.saintemilion-unesco.com\/es\/wp-json\/wp\/v2\/users\/1"}],"replies":[{"embeddable":true,"href":"https:\/\/www.saintemilion-unesco.com\/es\/wp-json\/wp\/v2\/comments?post=3963"}],"version-history":[{"count":7,"href":"https:\/\/www.saintemilion-unesco.com\/es\/wp-json\/wp\/v2\/pages\/3963\/revisions"}],"predecessor-version":[{"id":5765,"href":"https:\/\/www.saintemilion-unesco.com\/es\/wp-json\/wp\/v2\/pages\/3963\/revisions\/5765"}],"up":[{"embeddable":true,"href":"https:\/\/www.saintemilion-unesco.com\/es\/wp-json\/wp\/v2\/pages\/3969"}],"wp:attachment":[{"href":"https:\/\/www.saintemilion-unesco.com\/es\/wp-json\/wp\/v2\/media?parent=3963"}],"curies":[{"name":"wp","href":"https:\/\/api.w.org\/{rel}","templated":true}]}}