{"id":4060,"date":"2021-03-10T16:18:38","date_gmt":"2021-03-10T15:18:38","guid":{"rendered":"https:\/\/www.saintemilion-unesco.com\/?page_id=4060"},"modified":"2021-03-10T16:22:04","modified_gmt":"2021-03-10T15:22:04","slug":"ayudenos","status":"publish","type":"page","link":"https:\/\/www.saintemilion-unesco.com\/es\/ayudenos\/","title":{"rendered":"Ay\u00fadenos"},"content":{"rendered":"<p>[et_pb_section fb_built=\u00bb1&#8243; admin_label=\u00bbHero\u00bb _builder_version=\u00bb3.17.2&#8243; use_background_color_gradient=\u00bbon\u00bb background_color_gradient_start=\u00bbrgba(0,0,0,0.5)\u00bb background_color_gradient_end=\u00bbrgba(0,0,0,0)\u00bb background_color_gradient_direction=\u00bb245deg\u00bb background_color_gradient_overlays_image=\u00bbon\u00bb background_image=\u00bbhttps:\/\/www.saintemilion-unesco.com\/wp-content\/uploads\/2019\/01\/StEmilion-CoucherSoleil.jpg\u00bb custom_padding=\u00bb260px||260px||true|false\u00bb][et_pb_row make_fullwidth=\u00bbon\u00bb use_custom_gutter=\u00bbon\u00bb gutter_width=\u00bb1&#8243; custom_padding=\u00bb|||\u00bb custom_margin=\u00bb|||\u00bb background_position_1=\u00bbtop_left\u00bb background_position_2=\u00bbtop_left\u00bb background_repeat_1=\u00bbno-repeat\u00bb background_repeat_2=\u00bbno-repeat\u00bb padding_right_2=\u00bb10%\u00bb padding_left_2=\u00bb10%\u00bb _builder_version=\u00bb3.0.76&#8243;][et_pb_column type=\u00bb1_2&#8243; _builder_version=\u00bb3.0.47&#8243; parallax=\u00bboff\u00bb parallax_method=\u00bbon\u00bb background_position=\u00bbtop_left\u00bb background_repeat=\u00bbno-repeat\u00bb][\/et_pb_column][et_pb_column type=\u00bb1_2&#8243; _builder_version=\u00bb3.0.47&#8243; padding_left=\u00bb10%\u00bb padding_right=\u00bb10%\u00bb parallax=\u00bboff\u00bb parallax_method=\u00bbon\u00bb background_position=\u00bbtop_left\u00bb background_repeat=\u00bbno-repeat\u00bb][et_pb_text admin_label=\u00bbTitle\u00bb _builder_version=\u00bb3.17.2&#8243; text_font=\u00bb||||||||\u00bb text_text_color=\u00bb#1a1a1a\u00bb header_font=\u00bbOswald|on||on|\u00bb header_text_align=\u00bbleft\u00bb header_text_color=\u00bb#ffffff\u00bb header_font_size=\u00bb60px\u00bb header_line_height=\u00bb1.3em\u00bb background_size=\u00bbinitial\u00bb background_position=\u00bbtop_left\u00bb background_repeat=\u00bbrepeat\u00bb module_alignment=\u00bbcenter\u00bb custom_margin=\u00bb|||\u00bb custom_padding=\u00bb|||\u00bb animation_style=\u00bbslide\u00bb animation_direction=\u00bbtop\u00bb animation_intensity_slide=\u00bb10%\u00bb locked=\u00bboff\u00bb]<\/p>\n<h1><strong>Ay\u00fadenos<\/strong><\/h1>\n<p>[\/et_pb_text][et_pb_divider color=\u00bb#ed4441&#8243; divider_position=\u00bbcenter\u00bb divider_weight=\u00bb3px\u00bb height=\u00bbfalse\u00bb disabled_on=\u00bbon|on|off%22&#8243; _builder_version=\u00bb3.2&#8243; max_width=\u00bb150px\u00bb custom_margin=\u00bb30px|||\u00bb animation_style=\u00bbslide\u00bb animation_direction=\u00bbtop\u00bb animation_delay=\u00bb100ms\u00bb animation_intensity_slide=\u00bb10%\u00bb locked=\u00bboff\u00bb][\/et_pb_divider][\/et_pb_column][\/et_pb_row][\/et_pb_section][et_pb_section fb_built=\u00bb1&#8243; admin_label=\u00bbContact Info\u00bb _builder_version=\u00bb3.0.69&#8243; custom_padding=\u00bb110px||110px||false|false\u00bb locked=\u00bboff\u00bb][et_pb_row custom_margin=\u00bb-47px||\u00bb _builder_version=\u00bb3.17.2&#8243;][et_pb_column type=\u00bb4_4&#8243; _builder_version=\u00bb3.0.47&#8243; parallax=\u00bboff\u00bb parallax_method=\u00bbon\u00bb][et_pb_text _builder_version=\u00bb3.17.2&#8243;]<\/p>\n<p>Su ayuda es muy importante para proteger y valorizar el patrimonio de la Jurisdicci\u00f3n de Saint-\u00c9milion. Apoyar a la asociaci\u00f3n significa participar en la comunicaci\u00f3n y puesta en valor de sus paisajes culturales y comprometerse a defender los valores universales del sello de la UNESCO.<\/p>\n<p>\u00a1\u00danase a nosotros y forme parte de la leyenda de esta tierra excepcional!<\/p>\n<p>[\/et_pb_text][et_pb_text admin_label=\u00bbTitle\u00bb _builder_version=\u00bb3.17.2&#8243; text_font=\u00bb||||||||\u00bb text_text_color=\u00bb#1a1a1a\u00bb header_font=\u00bbOswald|on||on|\u00bb header_text_align=\u00bbcenter\u00bb header_font_size=\u00bb60px\u00bb header_line_height=\u00bb1.3em\u00bb background_size=\u00bbinitial\u00bb background_position=\u00bbtop_left\u00bb background_repeat=\u00bbrepeat\u00bb module_alignment=\u00bbcenter\u00bb custom_margin=\u00bb56px|||\u00bb custom_padding=\u00bb|||\u00bb animation_style=\u00bbslide\u00bb animation_direction=\u00bbtop\u00bb animation_intensity_slide=\u00bb10%\u00bb locked=\u00bboff\u00bb]<\/p>\n<h1>ACCIONES DE APOYO<\/h1>\n<p>[\/et_pb_text][et_pb_divider color=\u00bb#ed4441&#8243; divider_position=\u00bbcenter\u00bb divider_weight=\u00bb3px\u00bb height=\u00bbfalse\u00bb disabled_on=\u00bboff|off|off%22&#8243; _builder_version=\u00bb3.17.2&#8243; max_width=\u00bb150px\u00bb module_alignment=\u00bbcenter\u00bb custom_margin=\u00bb30px|||\u00bb animation_style=\u00bbslide\u00bb animation_direction=\u00bbtop\u00bb animation_delay=\u00bb100ms\u00bb animation_intensity_slide=\u00bb10%\u00bb locked=\u00bboff\u00bb][\/et_pb_divider][\/et_pb_column][\/et_pb_row][et_pb_row custom_padding=\u00bb0|0px|25px|0px|false|false\u00bb module_id=\u00bbdon\u00bb _builder_version=\u00bb3.17.2&#8243; background_size=\u00bbinitial\u00bb background_position=\u00bbtop_left\u00bb background_repeat=\u00bbrepeat\u00bb][et_pb_column type=\u00bb4_4&#8243; _builder_version=\u00bb3.0.47&#8243; parallax=\u00bboff\u00bb parallax_method=\u00bbon\u00bb][et_pb_text _builder_version=\u00bb3.17.2&#8243; text_font=\u00bbRoboto||||\u00bb text_font_size=\u00bb16px\u00bb text_line_height=\u00bb1.9em\u00bb background_size=\u00bbinitial\u00bb background_position=\u00bbtop_left\u00bb background_repeat=\u00bbrepeat\u00bb custom_margin=\u00bb|||\u00bb custom_padding=\u00bb||40px|\u00bb animation_style=\u00bbslide\u00bb animation_direction=\u00bbtop\u00bb animation_delay=\u00bb400ms\u00bb animation_intensity_slide=\u00bb4%\u00bb locked=\u00bboff\u00bb]<\/p>\n<div id=\"give-form-2921-wrap\" class=\"give-form-wrap give-display-onpage lazyloaded\">\n<h2 class=\"give-form-title\">Hacer una donaci\u00f3n a la asociaci\u00f3n<\/h2>\n<div id=\"give-form-content-2921\" class=\"give-form-content-wrap give_pre_form-content lazyloaded\">\u00a0<\/div>\n<form id=\"give-form-2921-1\" class=\"give-form give-form-2921 give-form-type-multi\" action=\"https:\/\/www.saintemilion-unesco.com\/?payment-mode=paypal\" method=\"post\" data-id=\"2921-1\" data-currency_symbol=\"\u20ac\" data-currency_code=\"EUR\" data-currency_position=\"after\" data-thousands_separator=\",\" data-decimal_separator=\".\" data-number_decimals=\"2\">\n<p><!-- The following field is for robots only, invisible to humans: --> <span class=\"give-hidden\" style=\"display: none !important;\"> <label for=\"give-form-honeypot-2921\"><\/label> <input id=\"give-form-honeypot-2921\" class=\"give-honeypot give-hidden\" name=\"give-honeypot\" type=\"text\" \/> <\/span> <input name=\"give-form-id-prefix\" type=\"hidden\" value=\"2921-1\" \/> <input name=\"give-form-id\" type=\"hidden\" value=\"2921\" \/> <input name=\"give-form-title\" type=\"hidden\" value=\"Make a donation to the association\" \/> <input name=\"give-current-url\" type=\"hidden\" value=\"https:\/\/www.saintemilion-unesco.com\/\" \/> <input name=\"give-form-url\" type=\"hidden\" value=\"https:\/\/www.saintemilion-unesco.com\/\" \/> <input name=\"give-form-minimum\" type=\"hidden\" value=\"1.00\" \/> <input name=\"give-form-maximum\" type=\"hidden\" value=\"999999.99\" \/> <input name=\"give-form-hash\" type=\"hidden\" value=\"45a5aa8b87\" data-time=\"1611590203\" data-nonce-life=\"86400\" data-donor-session=\"1\" \/><input name=\"give-price-id\" type=\"hidden\" value=\"0\" \/><\/p>\n<div class=\"give-total-wrap lazyloaded\">\n<div class=\"give-donation-amount form-row-wide lazyloaded\"><label class=\"give-hidden\" for=\"give-amount\">Montant du don\u00a0:<\/label> <input id=\"give-amount\" class=\"give-text-input give-amount-top\" autocomplete=\"off\" name=\"give-amount\" type=\"tel\" value=\"10.00\" placeholder=\"\" \/> <span class=\"give-currency-symbol give-currency-position-after\">\u20ac<\/span><\/div>\n<\/div>\n<ul id=\"give-donation-level-button-wrap\" class=\"give-donation-levels-wrap give-list-inline\">\n<li><button class=\"give-donation-level-btn give-btn give-btn-level-0 give-default-level\" type=\"button\" value=\"10.00\" data-price-id=\"0\" data-default=\"1\">10.00\u20ac<\/button><\/li>\n<li><button class=\"give-donation-level-btn give-btn give-btn-level-1 \" type=\"button\" value=\"25.00\" data-price-id=\"1\" data-default=\"0\">25.00\u20ac<\/button><\/li>\n<li><button class=\"give-donation-level-btn give-btn give-btn-level-2 \" type=\"button\" value=\"50.00\" data-price-id=\"2\" data-default=\"0\">50.00\u20ac<\/button><\/li>\n<li><button class=\"give-donation-level-btn give-btn give-btn-level-3 \" type=\"button\" value=\"250.00\" data-price-id=\"3\" data-default=\"0\">250.00\u20ac<\/button><\/li>\n<li><button class=\"give-donation-level-btn give-btn give-btn-level-4 \" type=\"button\" value=\"500.00\" data-price-id=\"4\" data-default=\"0\">500.00\u20ac<\/button><\/li>\n<li><button class=\"give-donation-level-btn give-btn give-btn-level-custom\" type=\"button\" value=\"custom\" data-price-id=\"custom\">Other amount<\/button><\/li>\n<\/ul>\n<fieldset id=\"give-payment-mode-select\" style=\"display: none;\">\n<legend class=\"give-payment-mode-label\">S\u00e9lectionnez votre m\u00e9thode de paiement <\/legend>\n<div id=\"give-payment-mode-wrap\" class=\"lazyload\">\n<ul id=\"give-gateway-radio-list\">\n<li class=\"give-gateway-option-selected\"><input id=\"give-gateway-paypal-2921-1\" class=\"give-gateway\" checked=\"checked\" name=\"payment-mode\" type=\"radio\" value=\"paypal\" \/> <label id=\"give-gateway-option-paypal\" class=\"give-gateway-option\" for=\"give-gateway-paypal-2921-1\"> Dons \u00e0 Unesco Saint-Emilion<\/label><\/li>\n<\/ul>\n<\/div>\n<\/fieldset>\n<div id=\"give_purchase_form_wrap\" class=\" lazyloaded\">\n<fieldset id=\"give_checkout_user_info\" class=\"\">\n<legend> Informations<\/legend>\n<p id=\"give-first-name-wrap\" class=\"form-row form-row-first form-row-responsive\"><label class=\"give-label\" for=\"give-first\"> Apellido\u00a0<span class=\"give-required-indicator\">*<\/span> <i class=\"give-icon give-icon-question\"><\/i> <\/label> <input id=\"give-first\" class=\"give-input required\" autocomplete=\"given-name\" name=\"give_first\" required=\"\" type=\"text\" value=\"\" placeholder=\"Nom\" aria-required=\"true\" \/><\/p>\n<p id=\"give-last-name-wrap\" class=\"form-row form-row-last form-row-responsive\"><label class=\"give-label\" for=\"give-last\"> Nombre\u00a0<i class=\"give-icon give-icon-question\"><\/i> <\/label> <input id=\"give-last\" class=\"give-input\" autocomplete=\"family-name\" name=\"give_last\" type=\"text\" value=\"\" placeholder=\"Pr\u00e9nom\" \/><\/p>\n<p id=\"give-email-wrap\" class=\"form-row form-row-wide\"><label class=\"give-label\" for=\"give-email\"> Email <span class=\"give-required-indicator\">*<\/span> <i class=\"give-icon give-icon-question\"><\/i> <\/label> <input id=\"give-email\" class=\"give-input required\" autocomplete=\"email\" name=\"give_email\" required=\"\" type=\"email\" value=\"antoine.desinety@mediacrossing.fr\" placeholder=\"Email\" aria-required=\"true\" \/><\/p>\n<\/fieldset>\n<fieldset id=\"give_purchase_submit\" class=\"give-donation-submit\">\n<p id=\"give-final-total-wrap\" class=\"form-wrap \"><span class=\"give-donation-total-label\"> Total <\/span> <span class=\"give-final-total-amount\" data-total=\"10.00\"> 10.00\u20ac <\/span><\/p>\n<p><input name=\"give-user-id\" type=\"hidden\" value=\"1\" \/> <input name=\"give_action\" type=\"hidden\" value=\"purchase\" \/> <input name=\"give-gateway\" type=\"hidden\" value=\"paypal\" \/><\/p>\n<div class=\"give-submit-button-wrap give-clearfix lazyloaded\"><input id=\"give-purchase-button\" class=\"give-submit give-btn\" name=\"give-purchase\" type=\"submit\" value=\"Make a donation\" data-before-validation-label=\"Make a donation\" \/><\/div>\n<\/fieldset>\n<\/div>\n<\/form>\n<\/div>\n<p><!--end #give-form-2921--><\/p>\n<p>[\/et_pb_text][et_pb_divider color=\u00bb#ed4441&#8243; divider_position=\u00bbcenter\u00bb divider_weight=\u00bb3px\u00bb height=\u00bbfalse\u00bb disabled_on=\u00bboff|off|off%22&#8243; _builder_version=\u00bb3.17.2&#8243; module_alignment=\u00bbcenter\u00bb custom_margin=\u00bb30px|||\u00bb animation_style=\u00bbslide\u00bb animation_direction=\u00bbtop\u00bb animation_delay=\u00bb100ms\u00bb animation_intensity_slide=\u00bb10%\u00bb][\/et_pb_divider][\/et_pb_column][\/et_pb_row][\/et_pb_section]<\/p>\n","protected":false},"excerpt":{"rendered":"<p>Ay\u00fadenosSu ayuda es muy importante para proteger y valorizar el patrimonio de la Jurisdicci\u00f3n de Saint-\u00c9milion. Apoyar a la asociaci\u00f3n significa participar en la comunicaci\u00f3n y puesta en valor de sus paisajes culturales y comprometerse a defender los valores universales del sello de la UNESCO. \u00a1\u00danase a nosotros y forme parte de la leyenda de [&hellip;]<\/p>\n","protected":false},"author":1,"featured_media":0,"parent":0,"menu_order":0,"comment_status":"closed","ping_status":"closed","template":"","meta":{"_et_pb_use_builder":"on","_et_pb_old_content":"","_et_gb_content_width":""},"yoast_head":"<!-- This site is optimized with the Yoast SEO plugin v19.13 - https:\/\/yoast.com\/wordpress\/plugins\/seo\/ -->\n<title>Ay\u00fadenos - Association Juridiction de Saint-Emilion<\/title>\n<meta name=\"robots\" content=\"index, follow, max-snippet:-1, max-image-preview:large, max-video-preview:-1\" \/>\n<link rel=\"canonical\" href=\"https:\/\/www.saintemilion-unesco.com\/es\/ayudenos\/\" \/>\n<meta property=\"og:locale\" content=\"es_ES\" \/>\n<meta property=\"og:type\" content=\"article\" \/>\n<meta property=\"og:title\" content=\"Ay\u00fadenos - Association Juridiction de Saint-Emilion\" \/>\n<meta property=\"og:description\" content=\"Ay\u00fadenosSu ayuda es muy importante para proteger y valorizar el patrimonio de la Jurisdicci\u00f3n de Saint-\u00c9milion. Apoyar a la asociaci\u00f3n significa participar en la comunicaci\u00f3n y puesta en valor de sus paisajes culturales y comprometerse a defender los valores universales del sello de la UNESCO. \u00a1\u00danase a nosotros y forme parte de la leyenda de [&hellip;]\" \/>\n<meta property=\"og:url\" content=\"https:\/\/www.saintemilion-unesco.com\/es\/ayudenos\/\" \/>\n<meta property=\"og:site_name\" content=\"Association Juridiction de Saint-Emilion\" \/>\n<meta property=\"article:modified_time\" content=\"2021-03-10T15:22:04+00:00\" \/>\n<meta property=\"og:image\" content=\"https:\/\/www.saintemilion-unesco.com\/wp-content\/uploads\/2018\/11\/carte-juridiction-saint-emilion-unesco3-3.jpg\" \/>\n\t<meta property=\"og:image:width\" content=\"1920\" \/>\n\t<meta property=\"og:image:height\" content=\"764\" \/>\n\t<meta property=\"og:image:type\" content=\"image\/jpeg\" \/>\n<meta name=\"twitter:card\" content=\"summary_large_image\" \/>\n<meta name=\"twitter:label1\" content=\"Tiempo de lectura\" \/>\n\t<meta name=\"twitter:data1\" content=\"2 minutos\" \/>\n<script type=\"application\/ld+json\" class=\"yoast-schema-graph\">{\"@context\":\"https:\/\/schema.org\",\"@graph\":[{\"@type\":\"WebPage\",\"@id\":\"https:\/\/www.saintemilion-unesco.com\/es\/ayudenos\/\",\"url\":\"https:\/\/www.saintemilion-unesco.com\/es\/ayudenos\/\",\"name\":\"Ay\u00fadenos - Association Juridiction de Saint-Emilion\",\"isPartOf\":{\"@id\":\"https:\/\/www.saintemilion-unesco.com\/es\/#website\"},\"datePublished\":\"2021-03-10T15:18:38+00:00\",\"dateModified\":\"2021-03-10T15:22:04+00:00\",\"breadcrumb\":{\"@id\":\"https:\/\/www.saintemilion-unesco.com\/es\/ayudenos\/#breadcrumb\"},\"inLanguage\":\"es\",\"potentialAction\":[{\"@type\":\"ReadAction\",\"target\":[\"https:\/\/www.saintemilion-unesco.com\/es\/ayudenos\/\"]}]},{\"@type\":\"BreadcrumbList\",\"@id\":\"https:\/\/www.saintemilion-unesco.com\/es\/ayudenos\/#breadcrumb\",\"itemListElement\":[{\"@type\":\"ListItem\",\"position\":1,\"name\":\"Accueil\",\"item\":\"https:\/\/www.saintemilion-unesco.com\/es\/\"},{\"@type\":\"ListItem\",\"position\":2,\"name\":\"Ay\u00fadenos\"}]},{\"@type\":\"WebSite\",\"@id\":\"https:\/\/www.saintemilion-unesco.com\/es\/#website\",\"url\":\"https:\/\/www.saintemilion-unesco.com\/es\/\",\"name\":\"Association Juridiction de Saint-Emilion\",\"description\":\"Patrimoine Mondial de l&#039;Humanit\u00e9\",\"potentialAction\":[{\"@type\":\"SearchAction\",\"target\":{\"@type\":\"EntryPoint\",\"urlTemplate\":\"https:\/\/www.saintemilion-unesco.com\/es\/?s={search_term_string}\"},\"query-input\":\"required name=search_term_string\"}],\"inLanguage\":\"es\"}]}<\/script>\n<!-- \/ Yoast SEO plugin. -->","yoast_head_json":{"title":"Ay\u00fadenos - Association Juridiction de Saint-Emilion","robots":{"index":"index","follow":"follow","max-snippet":"max-snippet:-1","max-image-preview":"max-image-preview:large","max-video-preview":"max-video-preview:-1"},"canonical":"https:\/\/www.saintemilion-unesco.com\/es\/ayudenos\/","og_locale":"es_ES","og_type":"article","og_title":"Ay\u00fadenos - Association Juridiction de Saint-Emilion","og_description":"Ay\u00fadenosSu ayuda es muy importante para proteger y valorizar el patrimonio de la Jurisdicci\u00f3n de Saint-\u00c9milion. Apoyar a la asociaci\u00f3n significa participar en la comunicaci\u00f3n y puesta en valor de sus paisajes culturales y comprometerse a defender los valores universales del sello de la UNESCO. \u00a1\u00danase a nosotros y forme parte de la leyenda de [&hellip;]","og_url":"https:\/\/www.saintemilion-unesco.com\/es\/ayudenos\/","og_site_name":"Association Juridiction de Saint-Emilion","article_modified_time":"2021-03-10T15:22:04+00:00","og_image":[{"width":1920,"height":764,"url":"https:\/\/www.saintemilion-unesco.com\/wp-content\/uploads\/2018\/11\/carte-juridiction-saint-emilion-unesco3-3.jpg","type":"image\/jpeg"}],"twitter_card":"summary_large_image","twitter_misc":{"Tiempo de lectura":"2 minutos"},"schema":{"@context":"https:\/\/schema.org","@graph":[{"@type":"WebPage","@id":"https:\/\/www.saintemilion-unesco.com\/es\/ayudenos\/","url":"https:\/\/www.saintemilion-unesco.com\/es\/ayudenos\/","name":"Ay\u00fadenos - Association Juridiction de Saint-Emilion","isPartOf":{"@id":"https:\/\/www.saintemilion-unesco.com\/es\/#website"},"datePublished":"2021-03-10T15:18:38+00:00","dateModified":"2021-03-10T15:22:04+00:00","breadcrumb":{"@id":"https:\/\/www.saintemilion-unesco.com\/es\/ayudenos\/#breadcrumb"},"inLanguage":"es","potentialAction":[{"@type":"ReadAction","target":["https:\/\/www.saintemilion-unesco.com\/es\/ayudenos\/"]}]},{"@type":"BreadcrumbList","@id":"https:\/\/www.saintemilion-unesco.com\/es\/ayudenos\/#breadcrumb","itemListElement":[{"@type":"ListItem","position":1,"name":"Accueil","item":"https:\/\/www.saintemilion-unesco.com\/es\/"},{"@type":"ListItem","position":2,"name":"Ay\u00fadenos"}]},{"@type":"WebSite","@id":"https:\/\/www.saintemilion-unesco.com\/es\/#website","url":"https:\/\/www.saintemilion-unesco.com\/es\/","name":"Association Juridiction de Saint-Emilion","description":"Patrimoine Mondial de l&#039;Humanit\u00e9","potentialAction":[{"@type":"SearchAction","target":{"@type":"EntryPoint","urlTemplate":"https:\/\/www.saintemilion-unesco.com\/es\/?s={search_term_string}"},"query-input":"required name=search_term_string"}],"inLanguage":"es"}]}},"_links":{"self":[{"href":"https:\/\/www.saintemilion-unesco.com\/es\/wp-json\/wp\/v2\/pages\/4060"}],"collection":[{"href":"https:\/\/www.saintemilion-unesco.com\/es\/wp-json\/wp\/v2\/pages"}],"about":[{"href":"https:\/\/www.saintemilion-unesco.com\/es\/wp-json\/wp\/v2\/types\/page"}],"author":[{"embeddable":true,"href":"https:\/\/www.saintemilion-unesco.com\/es\/wp-json\/wp\/v2\/users\/1"}],"replies":[{"embeddable":true,"href":"https:\/\/www.saintemilion-unesco.com\/es\/wp-json\/wp\/v2\/comments?post=4060"}],"version-history":[{"count":3,"href":"https:\/\/www.saintemilion-unesco.com\/es\/wp-json\/wp\/v2\/pages\/4060\/revisions"}],"predecessor-version":[{"id":4068,"href":"https:\/\/www.saintemilion-unesco.com\/es\/wp-json\/wp\/v2\/pages\/4060\/revisions\/4068"}],"wp:attachment":[{"href":"https:\/\/www.saintemilion-unesco.com\/es\/wp-json\/wp\/v2\/media?parent=4060"}],"curies":[{"name":"wp","href":"https:\/\/api.w.org\/{rel}","templated":true}]}}