{"id":4094,"date":"2021-03-12T10:01:46","date_gmt":"2021-03-12T09:01:46","guid":{"rendered":"https:\/\/www.saintemilion-unesco.com\/inicio\/"},"modified":"2021-03-24T10:50:31","modified_gmt":"2021-03-24T09:50:31","slug":"inicio","status":"publish","type":"page","link":"https:\/\/www.saintemilion-unesco.com\/es\/","title":{"rendered":"Inicio"},"content":{"rendered":"<p>[et_pb_section fb_built=\u00bb1&#8243; fullwidth=\u00bbon\u00bb _builder_version=\u00bb3.17.2&#8243; custom_margin=\u00bb|||\u00bb custom_padding=\u00bb0|0px|0px|0px|false|false\u00bb][et_pb_fullwidth_slider _builder_version=\u00bb3.17.2&#8243; header_font=\u00bbOswald|700||on|||||\u00bb header_text_align=\u00bbleft\u00bb header_font_size=\u00bb60px\u00bb header_line_height=\u00bb1.2em\u00bb body_font=\u00bb||||||||\u00bb use_background_color_gradient=\u00bbon\u00bb background_color_gradient_start=\u00bbrgba(0,0,0,0.6)\u00bb background_color_gradient_end=\u00bbrgba(0,0,0,0)\u00bb background_color_gradient_direction=\u00bb90deg\u00bb background_color_gradient_overlays_image=\u00bbon\u00bb custom_button=\u00bbon\u00bb button_border_width=\u00bb2px\u00bb button_border_radius=\u00bb0px\u00bb button_letter_spacing=\u00bb4px\u00bb button_font=\u00bbOswald|700||on|||||\u00bb button_alignment=\u00bbleft\u00bb custom_margin=\u00bb|||\u00bb custom_padding=\u00bb30vh||30vh||true\u00bb][et_pb_slide heading=\u00bbRecorrido de descubrimiento\u00bb button_text=\u00bb\u00a1Desc\u00fabrelas!\u00bb button_link=\u00bbhttps:\/\/www.saintemilion-unesco.com\/les-20-ans-de-linscription__trashed\/20-ans-20-sites\/\u00bb _builder_version=\u00bb3.17.2&#8243; background_image=\u00bbhttps:\/\/www.saintemilion-unesco.com\/wp-content\/uploads\/2019\/01\/saint-etienne-de-lisse-une-2-e1612875226516.jpg\u00bb]<\/p>\n<p>\u00a1Descubra las vistas m\u00e1s bellas del bien inscrito a trav\u00e9s de este recorrido de 20 mesas de lectura instaladas en los 8 municipios que componen la Jurisdicci\u00f3n!<\/p>\n<p>[\/et_pb_slide][et_pb_slide heading=\u00bbLos 20 a\u00f1os de la inscripci\u00f3n de la Juridicci\u00f3n de Saint-Emilion al Patrimonio Mundial\u00bb button_text=\u00bb M\u00e1s\u00bb button_link=\u00bbhttps:\/\/www.saintemilion-unesco.com\/es\/la-inscripcion-unesco\/los-20-anos-de-la-inscripcion\/\u00bb use_bg_overlay=\u00bboff\u00bb use_text_overlay=\u00bboff\u00bb _builder_version=\u00bb3.17.2&#8243; header_font_size=\u00bb40px\u00bb background_color=\u00bb#ffffff\u00bb background_image=\u00bbhttps:\/\/www.saintemilion-unesco.com\/wp-content\/uploads\/2019\/01\/SaintEmilion-14Juillet2018-1.jpg\u00bb custom_button=\u00bbon\u00bb button_font=\u00bb||||||||\u00bb][\/et_pb_slide][et_pb_slide heading=\u00bbDescubra la pel\u00edcula de la Juridicci\u00f3n de Saint-Emilion\u00bb button_text=\u00bbHaga clic aqu\u00ed\u00bb button_link=\u00bbhttps:\/\/www.saintemilion-unesco.com\/linscription-unesco\/film-saint-emilion-unesco\/\u00bb _builder_version=\u00bb3.17.2&#8243; background_image=\u00bbhttps:\/\/www.saintemilion-unesco.com\/wp-content\/uploads\/2019\/02\/Miniature-pour-site-internet.jpg\u00bb background_video_pause_outside_viewport=\u00bboff\u00bb]<\/p>\n<p>\u00a1D\u00e9jese llevar por dos minutos de emociones y felicidad en torno a los paisajes culturales de la Juridicci\u00f3n de Saint-Emilion!<\/p>\n<p>[\/et_pb_slide][\/et_pb_fullwidth_slider][\/et_pb_section][et_pb_section fb_built=\u00bb1&#8243; _builder_version=\u00bb3.17.2&#8243; custom_padding=\u00bb0px|0px|0px|0px\u00bb][et_pb_row use_custom_width=\u00bbon\u00bb width_unit=\u00bboff\u00bb custom_width_percent=\u00bb100%\u00bb custom_padding=\u00bb0|0px|0|0px|false|false\u00bb _builder_version=\u00bb3.17.2&#8243;][et_pb_column type=\u00bb4_4&#8243; _builder_version=\u00bb3.0.47&#8243; parallax=\u00bboff\u00bb parallax_method=\u00bbon\u00bb][et_pb_image src=\u00bbhttps:\/\/www.saintemilion-unesco.com\/wp-content\/uploads\/2018\/11\/carte-juridiction-saint-emilion-unesco3-3.jpg\u00bb force_fullwidth=\u00bbon\u00bb _builder_version=\u00bb3.17.2&#8243;]<\/p>\n<p>&nbsp;<\/p>\n<p>[\/et_pb_image][\/et_pb_column][\/et_pb_row][\/et_pb_section][et_pb_section fb_built=\u00bb1&#8243; _builder_version=\u00bb3.17.2&#8243;][et_pb_row _builder_version=\u00bb3.17.2&#8243; module_alignment=\u00bbcenter\u00bb][et_pb_column type=\u00bb4_4&#8243; _builder_version=\u00bb3.17.2&#8243; parallax=\u00bboff\u00bb parallax_method=\u00bbon\u00bb][et_pb_video src=\u00bbhttps:\/\/www.youtube.com\/watch?v=9knbqeRteo0&#8243; _builder_version=\u00bb3.17.2&#8243;][\/et_pb_video][\/et_pb_column][\/et_pb_row][\/et_pb_section][et_pb_section fb_built=\u00bb1&#8243; fullwidth=\u00bbon\u00bb _builder_version=\u00bb3.17.2&#8243;][et_pb_fullwidth_image src=\u00bbhttps:\/\/www.youtube.com\/watch?v=9knbqeRteo0&#8243; _builder_version=\u00bb3.17.2&#8243;][\/et_pb_fullwidth_image][\/et_pb_section][et_pb_section fb_built=\u00bb1&#8243; _builder_version=\u00bb3.17.2&#8243; background_color=\u00bb#f4f4f4&#8243; custom_padding=\u00bb0||110px||false|false\u00bb saved_tabs=\u00bball\u00bb][et_pb_row custom_padding=\u00bb26.65px|0px|66px|0px|false|false\u00bb padding_top_1=\u00bb50px\u00bb _builder_version=\u00bb3.0.76&#8243;][et_pb_column type=\u00bb4_4&#8243; _builder_version=\u00bb3.0.47&#8243; padding_top=\u00bb50px\u00bb parallax=\u00bboff\u00bb parallax_method=\u00bbon\u00bb][et_pb_text _builder_version=\u00bb3.17.2&#8243; header_font=\u00bbOswald|700||on|||||\u00bb header_text_align=\u00bbcenter\u00bb header_font_size=\u00bb60px\u00bb header_font_size_phone=\u00bb40px\u00bb header_font_size_last_edited=\u00bbon|phone\u00bb header_2_font=\u00bb||||||||\u00bb header_2_text_align=\u00bbcenter\u00bb animation_style=\u00bbfade\u00bb]<\/p>\n<h1>Los municipios de la Jurisdicci\u00f3n<\/h1>\n<p>[\/et_pb_text][\/et_pb_column][\/et_pb_row][et_pb_row make_fullwidth=\u00bbon\u00bb use_custom_gutter=\u00bbon\u00bb gutter_width=\u00bb1&#8243; custom_padding=\u00bb0|0px|0|0px|false|false\u00bb make_equal=\u00bbon\u00bb admin_label=\u00bbGallery\u00bb _builder_version=\u00bb3.0.76&#8243;][et_pb_column type=\u00bb1_4&#8243; _builder_version=\u00bb3.0.47&#8243; parallax=\u00bboff\u00bb parallax_method=\u00bbon\u00bb][et_pb_image src=\u00bbhttps:\/\/www.saintemilion-unesco.com\/wp-content\/uploads\/2019\/01\/Saint-Sulpice-de-Faleyrens-e1612880404143.jpg\u00bb url=\u00bbhttps:\/\/www.saintemilion-unesco.com\/es\/la-jurisdiccion\/los-8-municipios-inscritos\/saint-sulpice-de-faleyrens\/\u00bb force_fullwidth=\u00bbon\u00bb _builder_version=\u00bb3.17.2&#8243; animation_style=\u00bbzoom\u00bb animation_intensity_zoom=\u00bb10%\u00bb][\/et_pb_image][\/et_pb_column][et_pb_column type=\u00bb1_4&#8243; _builder_version=\u00bb3.0.47&#8243; parallax=\u00bboff\u00bb parallax_method=\u00bbon\u00bb][et_pb_image src=\u00bbhttps:\/\/www.saintemilion-unesco.com\/wp-content\/uploads\/2019\/01\/Vignonet-e1612880421121.jpg\u00bb url=\u00bbhttps:\/\/www.saintemilion-unesco.com\/es\/la-jurisdiccion\/los-8-municipios-inscritos\/vignonet\/\u00bb force_fullwidth=\u00bbon\u00bb _builder_version=\u00bb3.17.2&#8243; animation_style=\u00bbzoom\u00bb animation_delay=\u00bb100ms\u00bb animation_intensity_zoom=\u00bb10%\u00bb locked=\u00bboff\u00bb][\/et_pb_image][\/et_pb_column][et_pb_column type=\u00bb1_4&#8243; _builder_version=\u00bb3.0.47&#8243; parallax=\u00bboff\u00bb parallax_method=\u00bbon\u00bb][et_pb_image src=\u00bbhttps:\/\/www.saintemilion-unesco.com\/wp-content\/uploads\/2019\/01\/Saint-Pey-dArmens-e1612880435963.jpg\u00bb url=\u00bbhttps:\/\/www.saintemilion-unesco.com\/es\/la-jurisdiccion\/los-8-municipios-inscritos\/saint-pey-darmens\/\u00bb force_fullwidth=\u00bbon\u00bb _builder_version=\u00bb3.17.2&#8243; animation_style=\u00bbzoom\u00bb animation_delay=\u00bb200ms\u00bb animation_intensity_zoom=\u00bb10%\u00bb locked=\u00bboff\u00bb][\/et_pb_image][\/et_pb_column][et_pb_column type=\u00bb1_4&#8243; _builder_version=\u00bb3.0.47&#8243; parallax=\u00bboff\u00bb parallax_method=\u00bbon\u00bb][et_pb_image src=\u00bbhttps:\/\/www.saintemilion-unesco.com\/wp-content\/uploads\/2019\/01\/Saint-Etienne-de-Lisse-e1612880461817.jpg\u00bb url=\u00bbhttps:\/\/www.saintemilion-unesco.com\/es\/la-jurisdiccion\/los-8-municipios-inscritos\/saint-etienne-de-lisse\/\u00bb force_fullwidth=\u00bbon\u00bb _builder_version=\u00bb3.17.2&#8243; animation_style=\u00bbzoom\u00bb animation_delay=\u00bb300ms\u00bb animation_intensity_zoom=\u00bb10%\u00bb locked=\u00bboff\u00bb][\/et_pb_image][\/et_pb_column][\/et_pb_row][et_pb_row make_fullwidth=\u00bbon\u00bb use_custom_gutter=\u00bbon\u00bb gutter_width=\u00bb1&#8243; custom_padding=\u00bb0|0px|0|0px|false|false\u00bb make_equal=\u00bbon\u00bb admin_label=\u00bbGallery\u00bb _builder_version=\u00bb3.0.76&#8243;][et_pb_column type=\u00bb1_4&#8243; _builder_version=\u00bb3.0.47&#8243; parallax=\u00bboff\u00bb parallax_method=\u00bbon\u00bb][et_pb_image src=\u00bbhttps:\/\/www.saintemilion-unesco.com\/wp-content\/uploads\/2019\/01\/Saint-Hippolyte-e1612880479123.jpg\u00bb url=\u00bbhttps:\/\/www.saintemilion-unesco.com\/es\/la-jurisdiccion\/los-8-municipios-inscritos\/saint-hippolyte\/\u00bb force_fullwidth=\u00bbon\u00bb _builder_version=\u00bb3.17.2&#8243; animation_style=\u00bbzoom\u00bb animation_intensity_zoom=\u00bb10%\u00bb][\/et_pb_image][\/et_pb_column][et_pb_column type=\u00bb1_4&#8243; _builder_version=\u00bb3.0.47&#8243; parallax=\u00bboff\u00bb parallax_method=\u00bbon\u00bb][et_pb_image src=\u00bbhttps:\/\/www.saintemilion-unesco.com\/wp-content\/uploads\/2019\/01\/Saint-Christophe-des-Bardes-e1612880506922.jpg\u00bb url=\u00bbhttps:\/\/www.saintemilion-unesco.com\/es\/la-jurisdiccion\/los-8-municipios-inscritos\/saint-christophe-des-bardes\/\u00bb force_fullwidth=\u00bbon\u00bb _builder_version=\u00bb3.17.2&#8243; animation_style=\u00bbzoom\u00bb animation_delay=\u00bb100ms\u00bb animation_intensity_zoom=\u00bb10%\u00bb locked=\u00bboff\u00bb][\/et_pb_image][\/et_pb_column][et_pb_column type=\u00bb1_4&#8243; _builder_version=\u00bb3.0.47&#8243; parallax=\u00bboff\u00bb parallax_method=\u00bbon\u00bb][et_pb_image src=\u00bbhttps:\/\/www.saintemilion-unesco.com\/wp-content\/uploads\/2019\/01\/Saint-Emilion-e1612880548285.jpg\u00bb url=\u00bbhttps:\/\/www.saintemilion-unesco.com\/es\/la-jurisdiccion\/los-8-municipios-inscritos\/saint-emilion\/\u00bb force_fullwidth=\u00bbon\u00bb _builder_version=\u00bb3.17.2&#8243; animation_style=\u00bbzoom\u00bb animation_delay=\u00bb200ms\u00bb animation_intensity_zoom=\u00bb10%\u00bb locked=\u00bboff\u00bb][\/et_pb_image][\/et_pb_column][et_pb_column type=\u00bb1_4&#8243; _builder_version=\u00bb3.0.47&#8243; parallax=\u00bboff\u00bb parallax_method=\u00bbon\u00bb][et_pb_image src=\u00bbhttps:\/\/www.saintemilion-unesco.com\/wp-content\/uploads\/2019\/01\/Saint-Laurent-des-Combes-e1612880563712.jpg\u00bb url=\u00bbhttps:\/\/www.saintemilion-unesco.com\/es\/la-jurisdiccion\/los-8-municipios-inscritos\/saint-laurent-des-combes\/\u00bb force_fullwidth=\u00bbon\u00bb _builder_version=\u00bb3.17.2&#8243; animation_style=\u00bbzoom\u00bb animation_delay=\u00bb300ms\u00bb animation_intensity_zoom=\u00bb10%\u00bb locked=\u00bboff\u00bb][\/et_pb_image][\/et_pb_column][\/et_pb_row][et_pb_row padding_top_1=\u00bb50px\u00bb _builder_version=\u00bb3.0.76&#8243;][et_pb_column type=\u00bb4_4&#8243; _builder_version=\u00bb3.0.47&#8243; padding_top=\u00bb50px\u00bb parallax=\u00bboff\u00bb parallax_method=\u00bbon\u00bb][et_pb_button button_url=\u00bbhttps:\/\/www.saintemilion-unesco.com\/es\/la-jurisdiccion\/\u00bb button_text=\u00bb M\u00e1s\u00bb button_alignment=\u00bbcenter\u00bb admin_label=\u00bbGallery Button\u00bb _builder_version=\u00bb3.17.2&#8243; custom_button=\u00bbon\u00bb button_text_color=\u00bb#1a1a1a\u00bb button_border_radius=\u00bb0px\u00bb button_letter_spacing=\u00bb4px\u00bb button_font=\u00bbOswald|on||on|\u00bb button_icon=\u00bb%%3%%\u00bb button_icon_color=\u00bb#1a1a1a\u00bb button_border_color_hover=\u00bb#1a1a1a\u00bb button_border_radius_hover=\u00bb0px\u00bb button_letter_spacing_hover=\u00bb4px\u00bb button_bg_color_hover=\u00bbrgba(0,0,0,0)\u00bb button_text_size__hover_enabled=\u00bboff\u00bb button_text_size__hover=\u00bbnull\u00bb button_one_text_size__hover_enabled=\u00bboff\u00bb button_one_text_size__hover=\u00bbnull\u00bb button_two_text_size__hover_enabled=\u00bboff\u00bb button_two_text_size__hover=\u00bbnull\u00bb button_text_color__hover_enabled=\u00bboff\u00bb button_text_color__hover=\u00bbnull\u00bb button_one_text_color__hover_enabled=\u00bboff\u00bb button_one_text_color__hover=\u00bbnull\u00bb button_two_text_color__hover_enabled=\u00bboff\u00bb button_two_text_color__hover=\u00bbnull\u00bb button_border_width__hover_enabled=\u00bboff\u00bb button_border_width__hover=\u00bbnull\u00bb button_one_border_width__hover_enabled=\u00bboff\u00bb button_one_border_width__hover=\u00bbnull\u00bb button_two_border_width__hover_enabled=\u00bboff\u00bb button_two_border_width__hover=\u00bbnull\u00bb button_border_color__hover_enabled=\u00bbon\u00bb button_border_color__hover=\u00bb#1a1a1a\u00bb button_one_border_color__hover_enabled=\u00bboff\u00bb button_one_border_color__hover=\u00bbnull\u00bb button_two_border_color__hover_enabled=\u00bboff\u00bb button_two_border_color__hover=\u00bbnull\u00bb button_border_radius__hover_enabled=\u00bbon\u00bb button_border_radius__hover=\u00bb0px\u00bb button_one_border_radius__hover_enabled=\u00bboff\u00bb button_one_border_radius__hover=\u00bbnull\u00bb button_two_border_radius__hover_enabled=\u00bboff\u00bb button_two_border_radius__hover=\u00bbnull\u00bb button_letter_spacing__hover_enabled=\u00bbon\u00bb button_letter_spacing__hover=\u00bb4px\u00bb button_one_letter_spacing__hover_enabled=\u00bboff\u00bb button_one_letter_spacing__hover=\u00bbnull\u00bb button_two_letter_spacing__hover_enabled=\u00bboff\u00bb button_two_letter_spacing__hover=\u00bbnull\u00bb button_bg_color__hover_enabled=\u00bbon\u00bb button_bg_color__hover=\u00bbrgba(0,0,0,0)\u00bb button_one_bg_color__hover_enabled=\u00bboff\u00bb button_one_bg_color__hover=\u00bbnull\u00bb button_two_bg_color__hover_enabled=\u00bboff\u00bb button_two_bg_color__hover=\u00bbnull\u00bb][\/et_pb_button][\/et_pb_column][\/et_pb_row][\/et_pb_section][et_pb_section fb_built=\u00bb1&#8243; admin_label=\u00bbCTA\u00bb _builder_version=\u00bb3.17.2&#8243; background_color=\u00bb#ed4441&#8243; parallax=\u00bbon\u00bb custom_margin=\u00bb|||\u00bb custom_padding=\u00bb46px||||false|false\u00bb][et_pb_row make_fullwidth=\u00bbon\u00bb use_custom_gutter=\u00bbon\u00bb gutter_width=\u00bb1&#8243; custom_padding=\u00bb0|0px|0|0px|false|false\u00bb custom_padding_tablet=\u00bb0px|||\u00bb custom_padding_last_edited=\u00bbon|tablet\u00bb _builder_version=\u00bb3.17.2&#8243;][et_pb_column type=\u00bb4_4&#8243; _builder_version=\u00bb3.0.47&#8243; parallax=\u00bboff\u00bb parallax_method=\u00bbon\u00bb][et_pb_text admin_label=\u00bbCTA Section Title\u00bb _builder_version=\u00bb3.17.2&#8243; text_font=\u00bb||||||||\u00bb text_text_color=\u00bb#ffffff\u00bb text_line_height=\u00bb1em\u00bb header_font=\u00bbOswald|on||on|\u00bb header_text_align=\u00bbcenter\u00bb header_text_color=\u00bb#ffffff\u00bb header_font_size=\u00bb60px\u00bb header_font_size_phone=\u00bb40px\u00bb header_font_size_last_edited=\u00bbon|phone\u00bb header_line_height=\u00bb1.3em\u00bb module_alignment=\u00bbcenter\u00bb custom_margin=\u00bb||0px|\u00bb custom_padding=\u00bb|||\u00bb animation_style=\u00bbslide\u00bb animation_direction=\u00bbtop\u00bb animation_intensity_slide=\u00bb10%\u00bb link_option_url=\u00bbhttps:\/\/www.saintemilion-unesco.com\/es\/ayudenos\/\u00bb locked=\u00bboff\u00bb]<\/p>\n<h1>Apoyar a la asociaci\u00f3n<\/h1>\n<p>&nbsp;<\/p>\n<p>[\/et_pb_text][et_pb_button button_url=\u00bbhttps:\/\/www.saintemilion-unesco.com\/es\/ayudenos\/\u00bb button_text=\u00bbHacer una donaci\u00f3n\u00bb button_alignment=\u00bbcenter\u00bb _builder_version=\u00bb3.17.2&#8243; custom_button=\u00bbon\u00bb button_text_color=\u00bb#ffffff\u00bb button_bg_color=\u00bb#1a1a1a\u00bb button_border_color=\u00bb#ed4441&#8243; button_border_radius=\u00bb0px\u00bb button_letter_spacing=\u00bb4px\u00bb button_font=\u00bbOswald|on||on|\u00bb button_icon=\u00bb%%3%%\u00bb button_icon_color=\u00bb#ffffff\u00bb button_border_color_hover=\u00bb#1a1a1a\u00bb button_border_radius_hover=\u00bb0px\u00bb button_letter_spacing_hover=\u00bb4px\u00bb button_bg_color_hover=\u00bbrgba(0,0,0,0)\u00bb locked=\u00bboff\u00bb button_text_size__hover_enabled=\u00bboff\u00bb button_text_size__hover=\u00bbnull\u00bb button_one_text_size__hover_enabled=\u00bboff\u00bb button_one_text_size__hover=\u00bbnull\u00bb button_two_text_size__hover_enabled=\u00bboff\u00bb button_two_text_size__hover=\u00bbnull\u00bb button_text_color__hover_enabled=\u00bboff\u00bb button_text_color__hover=\u00bbnull\u00bb button_one_text_color__hover_enabled=\u00bboff\u00bb button_one_text_color__hover=\u00bbnull\u00bb button_two_text_color__hover_enabled=\u00bboff\u00bb button_two_text_color__hover=\u00bbnull\u00bb button_border_width__hover_enabled=\u00bboff\u00bb button_border_width__hover=\u00bbnull\u00bb button_one_border_width__hover_enabled=\u00bboff\u00bb button_one_border_width__hover=\u00bbnull\u00bb button_two_border_width__hover_enabled=\u00bboff\u00bb button_two_border_width__hover=\u00bbnull\u00bb button_border_color__hover_enabled=\u00bbon\u00bb button_border_color__hover=\u00bb#1a1a1a\u00bb button_one_border_color__hover_enabled=\u00bboff\u00bb button_one_border_color__hover=\u00bbnull\u00bb button_two_border_color__hover_enabled=\u00bboff\u00bb button_two_border_color__hover=\u00bbnull\u00bb button_border_radius__hover_enabled=\u00bbon\u00bb button_border_radius__hover=\u00bb0px\u00bb button_one_border_radius__hover_enabled=\u00bboff\u00bb button_one_border_radius__hover=\u00bbnull\u00bb button_two_border_radius__hover_enabled=\u00bboff\u00bb button_two_border_radius__hover=\u00bbnull\u00bb button_letter_spacing__hover_enabled=\u00bbon\u00bb button_letter_spacing__hover=\u00bb4px\u00bb button_one_letter_spacing__hover_enabled=\u00bboff\u00bb button_one_letter_spacing__hover=\u00bbnull\u00bb button_two_letter_spacing__hover_enabled=\u00bboff\u00bb button_two_letter_spacing__hover=\u00bbnull\u00bb button_bg_color__hover_enabled=\u00bbon\u00bb button_bg_color__hover=\u00bb#000000&#8243; button_one_bg_color__hover_enabled=\u00bboff\u00bb button_one_bg_color__hover=\u00bbnull\u00bb button_two_bg_color__hover_enabled=\u00bboff\u00bb button_two_bg_color__hover=\u00bbnull\u00bb]<\/p>\n<p>&nbsp;<\/p>\n<p>[\/et_pb_button][\/et_pb_column][\/et_pb_row][\/et_pb_section]<\/p>\n","protected":false},"excerpt":{"rendered":"<p>\u00a1Descubra las vistas m\u00e1s bellas del bien inscrito a trav\u00e9s de este recorrido de 20 mesas de lectura instaladas en los 8 municipios que componen la Jurisdicci\u00f3n!\u00a1D\u00e9jese llevar por dos minutos de emociones y felicidad en torno a los paisajes culturales de la Juridicci\u00f3n de Saint-Emilion!&nbsp; Los municipios de la Jurisdicci\u00f3nApoyar a la asociaci\u00f3n &nbsp;&nbsp;<\/p>\n","protected":false},"author":1,"featured_media":0,"parent":0,"menu_order":0,"comment_status":"closed","ping_status":"closed","template":"","meta":{"_et_pb_use_builder":"on","_et_pb_old_content":"","_et_gb_content_width":""},"yoast_head":"<!-- This site is optimized with the Yoast SEO plugin v19.13 - https:\/\/yoast.com\/wordpress\/plugins\/seo\/ -->\n<title>Inicio - Association Juridiction de Saint-Emilion<\/title>\n<meta name=\"robots\" content=\"index, follow, max-snippet:-1, max-image-preview:large, max-video-preview:-1\" \/>\n<link rel=\"canonical\" href=\"https:\/\/www.saintemilion-unesco.com\/es\/\" \/>\n<meta property=\"og:locale\" content=\"es_ES\" \/>\n<meta property=\"og:type\" content=\"article\" \/>\n<meta property=\"og:title\" content=\"Inicio - Association Juridiction de Saint-Emilion\" \/>\n<meta property=\"og:description\" content=\"\u00a1Descubra las vistas m\u00e1s bellas del bien inscrito a trav\u00e9s de este recorrido de 20 mesas de lectura instaladas en los 8 municipios que componen la Jurisdicci\u00f3n!\u00a1D\u00e9jese llevar por dos minutos de emociones y felicidad en torno a los paisajes culturales de la Juridicci\u00f3n de Saint-Emilion!&nbsp; Los municipios de la Jurisdicci\u00f3nApoyar a la asociaci\u00f3n &nbsp;&nbsp;\" \/>\n<meta property=\"og:url\" content=\"https:\/\/www.saintemilion-unesco.com\/es\/\" \/>\n<meta property=\"og:site_name\" content=\"Association Juridiction de Saint-Emilion\" \/>\n<meta property=\"article:modified_time\" content=\"2021-03-24T09:50:31+00:00\" \/>\n<meta property=\"og:image\" content=\"https:\/\/www.saintemilion-unesco.com\/wp-content\/uploads\/2018\/11\/carte-juridiction-saint-emilion-unesco3-3.jpg\" \/>\n\t<meta property=\"og:image:width\" content=\"1920\" \/>\n\t<meta property=\"og:image:height\" content=\"764\" \/>\n\t<meta property=\"og:image:type\" content=\"image\/jpeg\" \/>\n<meta name=\"twitter:card\" content=\"summary_large_image\" \/>\n<meta name=\"twitter:label1\" content=\"Tiempo de lectura\" \/>\n\t<meta name=\"twitter:data1\" content=\"10 minutos\" \/>\n<script type=\"application\/ld+json\" class=\"yoast-schema-graph\">{\"@context\":\"https:\/\/schema.org\",\"@graph\":[{\"@type\":\"WebPage\",\"@id\":\"https:\/\/www.saintemilion-unesco.com\/es\/\",\"url\":\"https:\/\/www.saintemilion-unesco.com\/es\/\",\"name\":\"Inicio - Association Juridiction de Saint-Emilion\",\"isPartOf\":{\"@id\":\"https:\/\/www.saintemilion-unesco.com\/es\/#website\"},\"datePublished\":\"2021-03-12T09:01:46+00:00\",\"dateModified\":\"2021-03-24T09:50:31+00:00\",\"breadcrumb\":{\"@id\":\"https:\/\/www.saintemilion-unesco.com\/es\/#breadcrumb\"},\"inLanguage\":\"es\",\"potentialAction\":[{\"@type\":\"ReadAction\",\"target\":[\"https:\/\/www.saintemilion-unesco.com\/es\/\"]}]},{\"@type\":\"BreadcrumbList\",\"@id\":\"https:\/\/www.saintemilion-unesco.com\/es\/#breadcrumb\",\"itemListElement\":[{\"@type\":\"ListItem\",\"position\":1,\"name\":\"Accueil\",\"item\":\"https:\/\/www.saintemilion-unesco.com\/es\/\"},{\"@type\":\"ListItem\",\"position\":2,\"name\":\"Inicio\"}]},{\"@type\":\"WebSite\",\"@id\":\"https:\/\/www.saintemilion-unesco.com\/es\/#website\",\"url\":\"https:\/\/www.saintemilion-unesco.com\/es\/\",\"name\":\"Association Juridiction de Saint-Emilion\",\"description\":\"Patrimoine Mondial de l&#039;Humanit\u00e9\",\"potentialAction\":[{\"@type\":\"SearchAction\",\"target\":{\"@type\":\"EntryPoint\",\"urlTemplate\":\"https:\/\/www.saintemilion-unesco.com\/es\/?s={search_term_string}\"},\"query-input\":\"required name=search_term_string\"}],\"inLanguage\":\"es\"}]}<\/script>\n<!-- \/ Yoast SEO plugin. -->","yoast_head_json":{"title":"Inicio - Association Juridiction de Saint-Emilion","robots":{"index":"index","follow":"follow","max-snippet":"max-snippet:-1","max-image-preview":"max-image-preview:large","max-video-preview":"max-video-preview:-1"},"canonical":"https:\/\/www.saintemilion-unesco.com\/es\/","og_locale":"es_ES","og_type":"article","og_title":"Inicio - Association Juridiction de Saint-Emilion","og_description":"\u00a1Descubra las vistas m\u00e1s bellas del bien inscrito a trav\u00e9s de este recorrido de 20 mesas de lectura instaladas en los 8 municipios que componen la Jurisdicci\u00f3n!\u00a1D\u00e9jese llevar por dos minutos de emociones y felicidad en torno a los paisajes culturales de la Juridicci\u00f3n de Saint-Emilion!&nbsp; Los municipios de la Jurisdicci\u00f3nApoyar a la asociaci\u00f3n &nbsp;&nbsp;","og_url":"https:\/\/www.saintemilion-unesco.com\/es\/","og_site_name":"Association Juridiction de Saint-Emilion","article_modified_time":"2021-03-24T09:50:31+00:00","og_image":[{"width":1920,"height":764,"url":"https:\/\/www.saintemilion-unesco.com\/wp-content\/uploads\/2018\/11\/carte-juridiction-saint-emilion-unesco3-3.jpg","type":"image\/jpeg"}],"twitter_card":"summary_large_image","twitter_misc":{"Tiempo de lectura":"10 minutos"},"schema":{"@context":"https:\/\/schema.org","@graph":[{"@type":"WebPage","@id":"https:\/\/www.saintemilion-unesco.com\/es\/","url":"https:\/\/www.saintemilion-unesco.com\/es\/","name":"Inicio - Association Juridiction de Saint-Emilion","isPartOf":{"@id":"https:\/\/www.saintemilion-unesco.com\/es\/#website"},"datePublished":"2021-03-12T09:01:46+00:00","dateModified":"2021-03-24T09:50:31+00:00","breadcrumb":{"@id":"https:\/\/www.saintemilion-unesco.com\/es\/#breadcrumb"},"inLanguage":"es","potentialAction":[{"@type":"ReadAction","target":["https:\/\/www.saintemilion-unesco.com\/es\/"]}]},{"@type":"BreadcrumbList","@id":"https:\/\/www.saintemilion-unesco.com\/es\/#breadcrumb","itemListElement":[{"@type":"ListItem","position":1,"name":"Accueil","item":"https:\/\/www.saintemilion-unesco.com\/es\/"},{"@type":"ListItem","position":2,"name":"Inicio"}]},{"@type":"WebSite","@id":"https:\/\/www.saintemilion-unesco.com\/es\/#website","url":"https:\/\/www.saintemilion-unesco.com\/es\/","name":"Association Juridiction de Saint-Emilion","description":"Patrimoine Mondial de l&#039;Humanit\u00e9","potentialAction":[{"@type":"SearchAction","target":{"@type":"EntryPoint","urlTemplate":"https:\/\/www.saintemilion-unesco.com\/es\/?s={search_term_string}"},"query-input":"required name=search_term_string"}],"inLanguage":"es"}]}},"_links":{"self":[{"href":"https:\/\/www.saintemilion-unesco.com\/es\/wp-json\/wp\/v2\/pages\/4094"}],"collection":[{"href":"https:\/\/www.saintemilion-unesco.com\/es\/wp-json\/wp\/v2\/pages"}],"about":[{"href":"https:\/\/www.saintemilion-unesco.com\/es\/wp-json\/wp\/v2\/types\/page"}],"author":[{"embeddable":true,"href":"https:\/\/www.saintemilion-unesco.com\/es\/wp-json\/wp\/v2\/users\/1"}],"replies":[{"embeddable":true,"href":"https:\/\/www.saintemilion-unesco.com\/es\/wp-json\/wp\/v2\/comments?post=4094"}],"version-history":[{"count":17,"href":"https:\/\/www.saintemilion-unesco.com\/es\/wp-json\/wp\/v2\/pages\/4094\/revisions"}],"predecessor-version":[{"id":4234,"href":"https:\/\/www.saintemilion-unesco.com\/es\/wp-json\/wp\/v2\/pages\/4094\/revisions\/4234"}],"wp:attachment":[{"href":"https:\/\/www.saintemilion-unesco.com\/es\/wp-json\/wp\/v2\/media?parent=4094"}],"curies":[{"name":"wp","href":"https:\/\/api.w.org\/{rel}","templated":true}]}}